{"id":4441,"date":"2025-03-13T10:11:56","date_gmt":"2025-03-13T10:11:56","guid":{"rendered":"https:\/\/www.leoniparma.it\/prodotto\/siphon-telescopique-renforce-300x300-et-400x400\/"},"modified":"2025-07-14T13:23:29","modified_gmt":"2025-07-14T13:23:29","slug":"siphon-telescopique-renforce-300x300-et-400x400","status":"publish","type":"product","link":"https:\/\/www.leoniparma.it\/fr\/prodotto\/siphon-telescopique-renforce-300x300-et-400x400\/","title":{"rendered":"Siphon t\u00e9lescopique renforc\u00e9 300\u00d7300 et 400\u00d7400"},"content":{"rendered":"<p>Puisard avec plaque renforc\u00e9e d&#8217;une longueur lat\u00e9rale de 300 mm et sortie verticale d&#8217;un diam\u00e8tre de 101,6\/110 mm.<br \/>\nLa hauteur finale de siphon t\u00e9lescopique varie selon les exigences du client.<br \/>\nDisponible avec et sans panier et avec des plaques de diff\u00e9rentes \u00e9paisseurs.<\/p>\n","protected":false},"excerpt":{"rendered":"<p>Puisard avec plaque renforc\u00e9e d&#8217;une longueur lat\u00e9rale de 300 mm et sortie verticale d&#8217;un diam\u00e8tre de 101,6\/110 mm. La hauteur finale de siphon t\u00e9lescopique varie selon les exigences du client. Disponible avec et sans panier et avec des plaques de diff\u00e9rentes \u00e9paisseurs.<\/p>\n","protected":false},"featured_media":4442,"template":"","meta":{"_acf_changed":false},"product_brand":[],"product_cat":[192,196,203],"product_tag":[],"class_list":{"0":"post-4441","1":"product","2":"type-product","3":"status-publish","4":"has-post-thumbnail","6":"product_cat-siphons-et-drains","7":"product_cat-systemes-de-drainage","8":"product_cat-siphons-telescopiques-en-acier-inoxydable","10":"first","11":"instock","12":"product-type-simple"},"acf":[],"yoast_head":"<!-- This site is optimized with the Yoast SEO plugin v25.3 - https:\/\/yoast.com\/wordpress\/plugins\/seo\/ -->\n<title>Siphons renforc\u00e9s t\u00e9lescopiques 300\u00d7300 et 400\u00d7400<\/title>\n<meta name=\"description\" content=\"Siphon t\u00e9lescopique renforc\u00e9 300x300mm ou 400x400mm en acier inoxydable. Contactez-nous pour plus d&#039;informations et un devis !\" \/>\n<meta name=\"robots\" content=\"index, follow, max-snippet:-1, max-image-preview:large, max-video-preview:-1\" \/>\n<link rel=\"canonical\" href=\"https:\/\/www.leoniparma.it\/fr\/prodotto\/siphon-telescopique-renforce-300x300-et-400x400\/\" \/>\n<meta property=\"og:locale\" content=\"fr_FR\" \/>\n<meta property=\"og:type\" content=\"article\" \/>\n<meta property=\"og:title\" content=\"Siphons renforc\u00e9s t\u00e9lescopiques 300\u00d7300 et 400\u00d7400\" \/>\n<meta property=\"og:description\" content=\"Siphon t\u00e9lescopique renforc\u00e9 300x300mm ou 400x400mm en acier inoxydable. Contactez-nous pour plus d&#039;informations et un devis !\" \/>\n<meta property=\"og:url\" content=\"https:\/\/www.leoniparma.it\/fr\/prodotto\/siphon-telescopique-renforce-300x300-et-400x400\/\" \/>\n<meta property=\"og:site_name\" content=\"Officina Meccanica Leoni\" \/>\n<meta property=\"article:modified_time\" content=\"2025-07-14T13:23:29+00:00\" \/>\n<meta property=\"og:image\" content=\"https:\/\/www.leoniparma.it\/wp-content\/uploads\/2025\/03\/chiusino-telescopico-rinforzato-300x300-P.007T.webp\" \/>\n\t<meta property=\"og:image:width\" content=\"2240\" \/>\n\t<meta property=\"og:image:height\" content=\"2304\" \/>\n\t<meta property=\"og:image:type\" content=\"image\/webp\" \/>\n<meta name=\"twitter:card\" content=\"summary_large_image\" \/>\n<script type=\"application\/ld+json\" class=\"yoast-schema-graph\">{\"@context\":\"https:\/\/schema.org\",\"@graph\":[{\"@type\":\"WebPage\",\"@id\":\"https:\/\/www.leoniparma.it\/fr\/prodotto\/siphon-telescopique-renforce-300x300-et-400x400\/\",\"url\":\"https:\/\/www.leoniparma.it\/fr\/prodotto\/siphon-telescopique-renforce-300x300-et-400x400\/\",\"name\":\"Siphons renforc\u00e9s t\u00e9lescopiques 300\u00d7300 et 400\u00d7400\",\"isPartOf\":{\"@id\":\"https:\/\/www.leoniparma.it\/fr\/#website\"},\"primaryImageOfPage\":{\"@id\":\"https:\/\/www.leoniparma.it\/fr\/prodotto\/siphon-telescopique-renforce-300x300-et-400x400\/#primaryimage\"},\"image\":{\"@id\":\"https:\/\/www.leoniparma.it\/fr\/prodotto\/siphon-telescopique-renforce-300x300-et-400x400\/#primaryimage\"},\"thumbnailUrl\":\"https:\/\/www.leoniparma.it\/wp-content\/uploads\/2025\/03\/chiusino-telescopico-rinforzato-300x300-P.007T.webp\",\"datePublished\":\"2025-03-13T10:11:56+00:00\",\"dateModified\":\"2025-07-14T13:23:29+00:00\",\"description\":\"Siphon t\u00e9lescopique renforc\u00e9 300x300mm ou 400x400mm en acier inoxydable. Contactez-nous pour plus d'informations et un devis !\",\"breadcrumb\":{\"@id\":\"https:\/\/www.leoniparma.it\/fr\/prodotto\/siphon-telescopique-renforce-300x300-et-400x400\/#breadcrumb\"},\"inLanguage\":\"fr-FR\",\"potentialAction\":[{\"@type\":\"ReadAction\",\"target\":[\"https:\/\/www.leoniparma.it\/fr\/prodotto\/siphon-telescopique-renforce-300x300-et-400x400\/\"]}]},{\"@type\":\"ImageObject\",\"inLanguage\":\"fr-FR\",\"@id\":\"https:\/\/www.leoniparma.it\/fr\/prodotto\/siphon-telescopique-renforce-300x300-et-400x400\/#primaryimage\",\"url\":\"https:\/\/www.leoniparma.it\/wp-content\/uploads\/2025\/03\/chiusino-telescopico-rinforzato-300x300-P.007T.webp\",\"contentUrl\":\"https:\/\/www.leoniparma.it\/wp-content\/uploads\/2025\/03\/chiusino-telescopico-rinforzato-300x300-P.007T.webp\",\"width\":2240,\"height\":2304},{\"@type\":\"BreadcrumbList\",\"@id\":\"https:\/\/www.leoniparma.it\/fr\/prodotto\/siphon-telescopique-renforce-300x300-et-400x400\/#breadcrumb\",\"itemListElement\":[{\"@type\":\"ListItem\",\"position\":1,\"name\":\"Accueil\",\"item\":\"https:\/\/www.leoniparma.it\/fr\/\"},{\"@type\":\"ListItem\",\"position\":2,\"name\":\"Syst\u00e8mes de drainage\",\"item\":\"https:\/\/www.leoniparma.it\/fr\/categoria-prodotto\/systemes-de-drainage\/\"},{\"@type\":\"ListItem\",\"position\":3,\"name\":\"Siphons et drains\",\"item\":\"https:\/\/www.leoniparma.it\/fr\/categoria-prodotto\/systemes-de-drainage\/siphons-et-drains\/\"},{\"@type\":\"ListItem\",\"position\":4,\"name\":\"Siphons t\u00e9lescopiques en acier inoxydable\",\"item\":\"https:\/\/www.leoniparma.it\/fr\/categoria-prodotto\/systemes-de-drainage\/siphons-et-drains\/siphons-telescopiques-en-acier-inoxydable\/\"},{\"@type\":\"ListItem\",\"position\":5,\"name\":\"Siphon t\u00e9lescopique renforc\u00e9 300\u00d7300 et 400\u00d7400\"}]},{\"@type\":\"WebSite\",\"@id\":\"https:\/\/www.leoniparma.it\/fr\/#website\",\"url\":\"https:\/\/www.leoniparma.it\/fr\/\",\"name\":\"Officina Meccanica Leoni\",\"description\":\"\",\"publisher\":{\"@id\":\"https:\/\/www.leoniparma.it\/fr\/#organization\"},\"potentialAction\":[{\"@type\":\"SearchAction\",\"target\":{\"@type\":\"EntryPoint\",\"urlTemplate\":\"https:\/\/www.leoniparma.it\/fr\/?s={search_term_string}\"},\"query-input\":{\"@type\":\"PropertyValueSpecification\",\"valueRequired\":true,\"valueName\":\"search_term_string\"}}],\"inLanguage\":\"fr-FR\"},{\"@type\":\"Organization\",\"@id\":\"https:\/\/www.leoniparma.it\/fr\/#organization\",\"name\":\"Officina Meccanica Leoni\",\"url\":\"https:\/\/www.leoniparma.it\/fr\/\",\"logo\":{\"@type\":\"ImageObject\",\"inLanguage\":\"fr-FR\",\"@id\":\"https:\/\/www.leoniparma.it\/fr\/#\/schema\/logo\/image\/\",\"url\":\"https:\/\/www.leoniparma.it\/wp-content\/uploads\/2025\/02\/logo.svg\",\"contentUrl\":\"https:\/\/www.leoniparma.it\/wp-content\/uploads\/2025\/02\/logo.svg\",\"width\":381,\"height\":232,\"caption\":\"Officina Meccanica Leoni\"},\"image\":{\"@id\":\"https:\/\/www.leoniparma.it\/fr\/#\/schema\/logo\/image\/\"},\"sameAs\":[\"https:\/\/www.linkedin.com\/company\/leoni-parma-officina\/\"]}]}<\/script>\n<!-- \/ Yoast SEO plugin. -->","yoast_head_json":{"title":"Siphons renforc\u00e9s t\u00e9lescopiques 300\u00d7300 et 400\u00d7400","description":"Siphon t\u00e9lescopique renforc\u00e9 300x300mm ou 400x400mm en acier inoxydable. Contactez-nous pour plus d'informations et un devis !","robots":{"index":"index","follow":"follow","max-snippet":"max-snippet:-1","max-image-preview":"max-image-preview:large","max-video-preview":"max-video-preview:-1"},"canonical":"https:\/\/www.leoniparma.it\/fr\/prodotto\/siphon-telescopique-renforce-300x300-et-400x400\/","og_locale":"fr_FR","og_type":"article","og_title":"Siphons renforc\u00e9s t\u00e9lescopiques 300\u00d7300 et 400\u00d7400","og_description":"Siphon t\u00e9lescopique renforc\u00e9 300x300mm ou 400x400mm en acier inoxydable. Contactez-nous pour plus d'informations et un devis !","og_url":"https:\/\/www.leoniparma.it\/fr\/prodotto\/siphon-telescopique-renforce-300x300-et-400x400\/","og_site_name":"Officina Meccanica Leoni","article_modified_time":"2025-07-14T13:23:29+00:00","og_image":[{"width":2240,"height":2304,"url":"https:\/\/www.leoniparma.it\/wp-content\/uploads\/2025\/03\/chiusino-telescopico-rinforzato-300x300-P.007T.webp","type":"image\/webp"}],"twitter_card":"summary_large_image","schema":{"@context":"https:\/\/schema.org","@graph":[{"@type":"WebPage","@id":"https:\/\/www.leoniparma.it\/fr\/prodotto\/siphon-telescopique-renforce-300x300-et-400x400\/","url":"https:\/\/www.leoniparma.it\/fr\/prodotto\/siphon-telescopique-renforce-300x300-et-400x400\/","name":"Siphons renforc\u00e9s t\u00e9lescopiques 300\u00d7300 et 400\u00d7400","isPartOf":{"@id":"https:\/\/www.leoniparma.it\/fr\/#website"},"primaryImageOfPage":{"@id":"https:\/\/www.leoniparma.it\/fr\/prodotto\/siphon-telescopique-renforce-300x300-et-400x400\/#primaryimage"},"image":{"@id":"https:\/\/www.leoniparma.it\/fr\/prodotto\/siphon-telescopique-renforce-300x300-et-400x400\/#primaryimage"},"thumbnailUrl":"https:\/\/www.leoniparma.it\/wp-content\/uploads\/2025\/03\/chiusino-telescopico-rinforzato-300x300-P.007T.webp","datePublished":"2025-03-13T10:11:56+00:00","dateModified":"2025-07-14T13:23:29+00:00","description":"Siphon t\u00e9lescopique renforc\u00e9 300x300mm ou 400x400mm en acier inoxydable. Contactez-nous pour plus d'informations et un devis !","breadcrumb":{"@id":"https:\/\/www.leoniparma.it\/fr\/prodotto\/siphon-telescopique-renforce-300x300-et-400x400\/#breadcrumb"},"inLanguage":"fr-FR","potentialAction":[{"@type":"ReadAction","target":["https:\/\/www.leoniparma.it\/fr\/prodotto\/siphon-telescopique-renforce-300x300-et-400x400\/"]}]},{"@type":"ImageObject","inLanguage":"fr-FR","@id":"https:\/\/www.leoniparma.it\/fr\/prodotto\/siphon-telescopique-renforce-300x300-et-400x400\/#primaryimage","url":"https:\/\/www.leoniparma.it\/wp-content\/uploads\/2025\/03\/chiusino-telescopico-rinforzato-300x300-P.007T.webp","contentUrl":"https:\/\/www.leoniparma.it\/wp-content\/uploads\/2025\/03\/chiusino-telescopico-rinforzato-300x300-P.007T.webp","width":2240,"height":2304},{"@type":"BreadcrumbList","@id":"https:\/\/www.leoniparma.it\/fr\/prodotto\/siphon-telescopique-renforce-300x300-et-400x400\/#breadcrumb","itemListElement":[{"@type":"ListItem","position":1,"name":"Accueil","item":"https:\/\/www.leoniparma.it\/fr\/"},{"@type":"ListItem","position":2,"name":"Syst\u00e8mes de drainage","item":"https:\/\/www.leoniparma.it\/fr\/categoria-prodotto\/systemes-de-drainage\/"},{"@type":"ListItem","position":3,"name":"Siphons et drains","item":"https:\/\/www.leoniparma.it\/fr\/categoria-prodotto\/systemes-de-drainage\/siphons-et-drains\/"},{"@type":"ListItem","position":4,"name":"Siphons t\u00e9lescopiques en acier inoxydable","item":"https:\/\/www.leoniparma.it\/fr\/categoria-prodotto\/systemes-de-drainage\/siphons-et-drains\/siphons-telescopiques-en-acier-inoxydable\/"},{"@type":"ListItem","position":5,"name":"Siphon t\u00e9lescopique renforc\u00e9 300\u00d7300 et 400\u00d7400"}]},{"@type":"WebSite","@id":"https:\/\/www.leoniparma.it\/fr\/#website","url":"https:\/\/www.leoniparma.it\/fr\/","name":"Officina Meccanica Leoni","description":"","publisher":{"@id":"https:\/\/www.leoniparma.it\/fr\/#organization"},"potentialAction":[{"@type":"SearchAction","target":{"@type":"EntryPoint","urlTemplate":"https:\/\/www.leoniparma.it\/fr\/?s={search_term_string}"},"query-input":{"@type":"PropertyValueSpecification","valueRequired":true,"valueName":"search_term_string"}}],"inLanguage":"fr-FR"},{"@type":"Organization","@id":"https:\/\/www.leoniparma.it\/fr\/#organization","name":"Officina Meccanica Leoni","url":"https:\/\/www.leoniparma.it\/fr\/","logo":{"@type":"ImageObject","inLanguage":"fr-FR","@id":"https:\/\/www.leoniparma.it\/fr\/#\/schema\/logo\/image\/","url":"https:\/\/www.leoniparma.it\/wp-content\/uploads\/2025\/02\/logo.svg","contentUrl":"https:\/\/www.leoniparma.it\/wp-content\/uploads\/2025\/02\/logo.svg","width":381,"height":232,"caption":"Officina Meccanica Leoni"},"image":{"@id":"https:\/\/www.leoniparma.it\/fr\/#\/schema\/logo\/image\/"},"sameAs":["https:\/\/www.linkedin.com\/company\/leoni-parma-officina\/"]}]}},"_links":{"self":[{"href":"https:\/\/www.leoniparma.it\/fr\/wp-json\/wp\/v2\/product\/4441","targetHints":{"allow":["GET"]}}],"collection":[{"href":"https:\/\/www.leoniparma.it\/fr\/wp-json\/wp\/v2\/product"}],"about":[{"href":"https:\/\/www.leoniparma.it\/fr\/wp-json\/wp\/v2\/types\/product"}],"version-history":[{"count":2,"href":"https:\/\/www.leoniparma.it\/fr\/wp-json\/wp\/v2\/product\/4441\/revisions"}],"predecessor-version":[{"id":5662,"href":"https:\/\/www.leoniparma.it\/fr\/wp-json\/wp\/v2\/product\/4441\/revisions\/5662"}],"wp:featuredmedia":[{"embeddable":true,"href":"https:\/\/www.leoniparma.it\/fr\/wp-json\/wp\/v2\/media\/4442"}],"wp:attachment":[{"href":"https:\/\/www.leoniparma.it\/fr\/wp-json\/wp\/v2\/media?parent=4441"}],"wp:term":[{"taxonomy":"product_brand","embeddable":true,"href":"https:\/\/www.leoniparma.it\/fr\/wp-json\/wp\/v2\/product_brand?post=4441"},{"taxonomy":"product_cat","embeddable":true,"href":"https:\/\/www.leoniparma.it\/fr\/wp-json\/wp\/v2\/product_cat?post=4441"},{"taxonomy":"product_tag","embeddable":true,"href":"https:\/\/www.leoniparma.it\/fr\/wp-json\/wp\/v2\/product_tag?post=4441"}],"curies":[{"name":"wp","href":"https:\/\/api.w.org\/{rel}","templated":true}]}}