{"id":4488,"date":"2025-03-13T10:16:09","date_gmt":"2025-03-13T10:16:09","guid":{"rendered":"https:\/\/www.leoniparma.it\/prodotto\/petites-portes-de-cuves-standard-a-charnieres\/"},"modified":"2025-07-23T09:16:07","modified_gmt":"2025-07-23T09:16:07","slug":"petites-portes-de-cuves-standard-a-charnieres","status":"publish","type":"product","link":"https:\/\/www.leoniparma.it\/fr\/prodotto\/petites-portes-de-cuves-standard-a-charnieres\/","title":{"rendered":"Petites portes de cuves standard \u00e0 charni\u00e8res"},"content":{"rendered":"","protected":false},"excerpt":{"rendered":"","protected":false},"featured_media":4490,"template":"","meta":{"_acf_changed":false},"product_brand":[],"product_cat":[207,206],"product_tag":[],"class_list":{"0":"post-4488","1":"product","2":"type-product","3":"status-publish","4":"has-post-thumbnail","6":"product_cat-portes-de-cuves-standard-avec-charniere","7":"product_cat-portes-de-cuves-et-vannes","9":"first","10":"instock","11":"product-type-simple"},"acf":[],"yoast_head":"<!-- This site is optimized with the Yoast SEO plugin v25.3 - https:\/\/yoast.com\/wordpress\/plugins\/seo\/ -->\n<title>Petites portes de cuves \u00e0 charni\u00e8res standard<\/title>\n<meta name=\"description\" content=\"Trappe standard avec petite charni\u00e8re en acier inoxydable. Contactez-nous pour plus d&#039;informations et un devis !\" \/>\n<meta name=\"robots\" content=\"index, follow, max-snippet:-1, max-image-preview:large, max-video-preview:-1\" \/>\n<link rel=\"canonical\" href=\"https:\/\/www.leoniparma.it\/fr\/prodotto\/petites-portes-de-cuves-standard-a-charnieres\/\" \/>\n<meta property=\"og:locale\" content=\"fr_FR\" \/>\n<meta property=\"og:type\" content=\"article\" \/>\n<meta property=\"og:title\" content=\"Petites portes de cuves \u00e0 charni\u00e8res standard\" \/>\n<meta property=\"og:description\" content=\"Trappe standard avec petite charni\u00e8re en acier inoxydable. Contactez-nous pour plus d&#039;informations et un devis !\" \/>\n<meta property=\"og:url\" content=\"https:\/\/www.leoniparma.it\/fr\/prodotto\/petites-portes-de-cuves-standard-a-charnieres\/\" \/>\n<meta property=\"og:site_name\" content=\"Officina Meccanica Leoni\" \/>\n<meta property=\"article:modified_time\" content=\"2025-07-23T09:16:07+00:00\" \/>\n<meta property=\"og:image\" content=\"https:\/\/www.leoniparma.it\/wp-content\/uploads\/2025\/03\/boccaporto-con-cerniera-O210-chiuso-B-210-scaled.webp\" \/>\n\t<meta property=\"og:image:width\" content=\"2560\" \/>\n\t<meta property=\"og:image:height\" content=\"1977\" \/>\n\t<meta property=\"og:image:type\" content=\"image\/webp\" \/>\n<meta name=\"twitter:card\" content=\"summary_large_image\" \/>\n<script type=\"application\/ld+json\" class=\"yoast-schema-graph\">{\"@context\":\"https:\/\/schema.org\",\"@graph\":[{\"@type\":\"WebPage\",\"@id\":\"https:\/\/www.leoniparma.it\/fr\/prodotto\/petites-portes-de-cuves-standard-a-charnieres\/\",\"url\":\"https:\/\/www.leoniparma.it\/fr\/prodotto\/petites-portes-de-cuves-standard-a-charnieres\/\",\"name\":\"Petites portes de cuves \u00e0 charni\u00e8res standard\",\"isPartOf\":{\"@id\":\"https:\/\/www.leoniparma.it\/fr\/#website\"},\"primaryImageOfPage\":{\"@id\":\"https:\/\/www.leoniparma.it\/fr\/prodotto\/petites-portes-de-cuves-standard-a-charnieres\/#primaryimage\"},\"image\":{\"@id\":\"https:\/\/www.leoniparma.it\/fr\/prodotto\/petites-portes-de-cuves-standard-a-charnieres\/#primaryimage\"},\"thumbnailUrl\":\"https:\/\/www.leoniparma.it\/wp-content\/uploads\/2025\/03\/boccaporto-con-cerniera-O210-chiuso-B-210-scaled.webp\",\"datePublished\":\"2025-03-13T10:16:09+00:00\",\"dateModified\":\"2025-07-23T09:16:07+00:00\",\"description\":\"Trappe standard avec petite charni\u00e8re en acier inoxydable. Contactez-nous pour plus d'informations et un devis !\",\"breadcrumb\":{\"@id\":\"https:\/\/www.leoniparma.it\/fr\/prodotto\/petites-portes-de-cuves-standard-a-charnieres\/#breadcrumb\"},\"inLanguage\":\"fr-FR\",\"potentialAction\":[{\"@type\":\"ReadAction\",\"target\":[\"https:\/\/www.leoniparma.it\/fr\/prodotto\/petites-portes-de-cuves-standard-a-charnieres\/\"]}]},{\"@type\":\"ImageObject\",\"inLanguage\":\"fr-FR\",\"@id\":\"https:\/\/www.leoniparma.it\/fr\/prodotto\/petites-portes-de-cuves-standard-a-charnieres\/#primaryimage\",\"url\":\"https:\/\/www.leoniparma.it\/wp-content\/uploads\/2025\/03\/boccaporto-con-cerniera-O210-chiuso-B-210-scaled.webp\",\"contentUrl\":\"https:\/\/www.leoniparma.it\/wp-content\/uploads\/2025\/03\/boccaporto-con-cerniera-O210-chiuso-B-210-scaled.webp\",\"width\":2560,\"height\":1977,\"caption\":\"\u00c9coutille B 210\"},{\"@type\":\"BreadcrumbList\",\"@id\":\"https:\/\/www.leoniparma.it\/fr\/prodotto\/petites-portes-de-cuves-standard-a-charnieres\/#breadcrumb\",\"itemListElement\":[{\"@type\":\"ListItem\",\"position\":1,\"name\":\"Accueil\",\"item\":\"https:\/\/www.leoniparma.it\/fr\/\"},{\"@type\":\"ListItem\",\"position\":2,\"name\":\"Portes de cuves et vannes\",\"item\":\"https:\/\/www.leoniparma.it\/fr\/categoria-prodotto\/portes-de-cuves-et-vannes\/\"},{\"@type\":\"ListItem\",\"position\":3,\"name\":\"Portes de cuves standard avec charni\u00e8re\",\"item\":\"https:\/\/www.leoniparma.it\/fr\/categoria-prodotto\/portes-de-cuves-et-vannes\/portes-de-cuves-standard-avec-charniere\/\"},{\"@type\":\"ListItem\",\"position\":4,\"name\":\"Petites portes de cuves standard \u00e0 charni\u00e8res\"}]},{\"@type\":\"WebSite\",\"@id\":\"https:\/\/www.leoniparma.it\/fr\/#website\",\"url\":\"https:\/\/www.leoniparma.it\/fr\/\",\"name\":\"Officina Meccanica Leoni\",\"description\":\"\",\"publisher\":{\"@id\":\"https:\/\/www.leoniparma.it\/fr\/#organization\"},\"potentialAction\":[{\"@type\":\"SearchAction\",\"target\":{\"@type\":\"EntryPoint\",\"urlTemplate\":\"https:\/\/www.leoniparma.it\/fr\/?s={search_term_string}\"},\"query-input\":{\"@type\":\"PropertyValueSpecification\",\"valueRequired\":true,\"valueName\":\"search_term_string\"}}],\"inLanguage\":\"fr-FR\"},{\"@type\":\"Organization\",\"@id\":\"https:\/\/www.leoniparma.it\/fr\/#organization\",\"name\":\"Officina Meccanica Leoni\",\"url\":\"https:\/\/www.leoniparma.it\/fr\/\",\"logo\":{\"@type\":\"ImageObject\",\"inLanguage\":\"fr-FR\",\"@id\":\"https:\/\/www.leoniparma.it\/fr\/#\/schema\/logo\/image\/\",\"url\":\"https:\/\/www.leoniparma.it\/wp-content\/uploads\/2025\/02\/logo.svg\",\"contentUrl\":\"https:\/\/www.leoniparma.it\/wp-content\/uploads\/2025\/02\/logo.svg\",\"width\":381,\"height\":232,\"caption\":\"Officina Meccanica Leoni\"},\"image\":{\"@id\":\"https:\/\/www.leoniparma.it\/fr\/#\/schema\/logo\/image\/\"},\"sameAs\":[\"https:\/\/www.linkedin.com\/company\/leoni-parma-officina\/\"]}]}<\/script>\n<!-- \/ Yoast SEO plugin. -->","yoast_head_json":{"title":"Petites portes de cuves \u00e0 charni\u00e8res standard","description":"Trappe standard avec petite charni\u00e8re en acier inoxydable. Contactez-nous pour plus d'informations et un devis !","robots":{"index":"index","follow":"follow","max-snippet":"max-snippet:-1","max-image-preview":"max-image-preview:large","max-video-preview":"max-video-preview:-1"},"canonical":"https:\/\/www.leoniparma.it\/fr\/prodotto\/petites-portes-de-cuves-standard-a-charnieres\/","og_locale":"fr_FR","og_type":"article","og_title":"Petites portes de cuves \u00e0 charni\u00e8res standard","og_description":"Trappe standard avec petite charni\u00e8re en acier inoxydable. Contactez-nous pour plus d'informations et un devis !","og_url":"https:\/\/www.leoniparma.it\/fr\/prodotto\/petites-portes-de-cuves-standard-a-charnieres\/","og_site_name":"Officina Meccanica Leoni","article_modified_time":"2025-07-23T09:16:07+00:00","og_image":[{"width":2560,"height":1977,"url":"https:\/\/www.leoniparma.it\/wp-content\/uploads\/2025\/03\/boccaporto-con-cerniera-O210-chiuso-B-210-scaled.webp","type":"image\/webp"}],"twitter_card":"summary_large_image","schema":{"@context":"https:\/\/schema.org","@graph":[{"@type":"WebPage","@id":"https:\/\/www.leoniparma.it\/fr\/prodotto\/petites-portes-de-cuves-standard-a-charnieres\/","url":"https:\/\/www.leoniparma.it\/fr\/prodotto\/petites-portes-de-cuves-standard-a-charnieres\/","name":"Petites portes de cuves \u00e0 charni\u00e8res standard","isPartOf":{"@id":"https:\/\/www.leoniparma.it\/fr\/#website"},"primaryImageOfPage":{"@id":"https:\/\/www.leoniparma.it\/fr\/prodotto\/petites-portes-de-cuves-standard-a-charnieres\/#primaryimage"},"image":{"@id":"https:\/\/www.leoniparma.it\/fr\/prodotto\/petites-portes-de-cuves-standard-a-charnieres\/#primaryimage"},"thumbnailUrl":"https:\/\/www.leoniparma.it\/wp-content\/uploads\/2025\/03\/boccaporto-con-cerniera-O210-chiuso-B-210-scaled.webp","datePublished":"2025-03-13T10:16:09+00:00","dateModified":"2025-07-23T09:16:07+00:00","description":"Trappe standard avec petite charni\u00e8re en acier inoxydable. Contactez-nous pour plus d'informations et un devis !","breadcrumb":{"@id":"https:\/\/www.leoniparma.it\/fr\/prodotto\/petites-portes-de-cuves-standard-a-charnieres\/#breadcrumb"},"inLanguage":"fr-FR","potentialAction":[{"@type":"ReadAction","target":["https:\/\/www.leoniparma.it\/fr\/prodotto\/petites-portes-de-cuves-standard-a-charnieres\/"]}]},{"@type":"ImageObject","inLanguage":"fr-FR","@id":"https:\/\/www.leoniparma.it\/fr\/prodotto\/petites-portes-de-cuves-standard-a-charnieres\/#primaryimage","url":"https:\/\/www.leoniparma.it\/wp-content\/uploads\/2025\/03\/boccaporto-con-cerniera-O210-chiuso-B-210-scaled.webp","contentUrl":"https:\/\/www.leoniparma.it\/wp-content\/uploads\/2025\/03\/boccaporto-con-cerniera-O210-chiuso-B-210-scaled.webp","width":2560,"height":1977,"caption":"\u00c9coutille B 210"},{"@type":"BreadcrumbList","@id":"https:\/\/www.leoniparma.it\/fr\/prodotto\/petites-portes-de-cuves-standard-a-charnieres\/#breadcrumb","itemListElement":[{"@type":"ListItem","position":1,"name":"Accueil","item":"https:\/\/www.leoniparma.it\/fr\/"},{"@type":"ListItem","position":2,"name":"Portes de cuves et vannes","item":"https:\/\/www.leoniparma.it\/fr\/categoria-prodotto\/portes-de-cuves-et-vannes\/"},{"@type":"ListItem","position":3,"name":"Portes de cuves standard avec charni\u00e8re","item":"https:\/\/www.leoniparma.it\/fr\/categoria-prodotto\/portes-de-cuves-et-vannes\/portes-de-cuves-standard-avec-charniere\/"},{"@type":"ListItem","position":4,"name":"Petites portes de cuves standard \u00e0 charni\u00e8res"}]},{"@type":"WebSite","@id":"https:\/\/www.leoniparma.it\/fr\/#website","url":"https:\/\/www.leoniparma.it\/fr\/","name":"Officina Meccanica Leoni","description":"","publisher":{"@id":"https:\/\/www.leoniparma.it\/fr\/#organization"},"potentialAction":[{"@type":"SearchAction","target":{"@type":"EntryPoint","urlTemplate":"https:\/\/www.leoniparma.it\/fr\/?s={search_term_string}"},"query-input":{"@type":"PropertyValueSpecification","valueRequired":true,"valueName":"search_term_string"}}],"inLanguage":"fr-FR"},{"@type":"Organization","@id":"https:\/\/www.leoniparma.it\/fr\/#organization","name":"Officina Meccanica Leoni","url":"https:\/\/www.leoniparma.it\/fr\/","logo":{"@type":"ImageObject","inLanguage":"fr-FR","@id":"https:\/\/www.leoniparma.it\/fr\/#\/schema\/logo\/image\/","url":"https:\/\/www.leoniparma.it\/wp-content\/uploads\/2025\/02\/logo.svg","contentUrl":"https:\/\/www.leoniparma.it\/wp-content\/uploads\/2025\/02\/logo.svg","width":381,"height":232,"caption":"Officina Meccanica Leoni"},"image":{"@id":"https:\/\/www.leoniparma.it\/fr\/#\/schema\/logo\/image\/"},"sameAs":["https:\/\/www.linkedin.com\/company\/leoni-parma-officina\/"]}]}},"_links":{"self":[{"href":"https:\/\/www.leoniparma.it\/fr\/wp-json\/wp\/v2\/product\/4488","targetHints":{"allow":["GET"]}}],"collection":[{"href":"https:\/\/www.leoniparma.it\/fr\/wp-json\/wp\/v2\/product"}],"about":[{"href":"https:\/\/www.leoniparma.it\/fr\/wp-json\/wp\/v2\/types\/product"}],"version-history":[{"count":3,"href":"https:\/\/www.leoniparma.it\/fr\/wp-json\/wp\/v2\/product\/4488\/revisions"}],"predecessor-version":[{"id":5802,"href":"https:\/\/www.leoniparma.it\/fr\/wp-json\/wp\/v2\/product\/4488\/revisions\/5802"}],"wp:featuredmedia":[{"embeddable":true,"href":"https:\/\/www.leoniparma.it\/fr\/wp-json\/wp\/v2\/media\/4490"}],"wp:attachment":[{"href":"https:\/\/www.leoniparma.it\/fr\/wp-json\/wp\/v2\/media?parent=4488"}],"wp:term":[{"taxonomy":"product_brand","embeddable":true,"href":"https:\/\/www.leoniparma.it\/fr\/wp-json\/wp\/v2\/product_brand?post=4488"},{"taxonomy":"product_cat","embeddable":true,"href":"https:\/\/www.leoniparma.it\/fr\/wp-json\/wp\/v2\/product_cat?post=4488"},{"taxonomy":"product_tag","embeddable":true,"href":"https:\/\/www.leoniparma.it\/fr\/wp-json\/wp\/v2\/product_tag?post=4488"}],"curies":[{"name":"wp","href":"https:\/\/api.w.org\/{rel}","templated":true}]}}