{"id":4511,"date":"2025-03-13T10:16:09","date_gmt":"2025-03-13T10:16:09","guid":{"rendered":"https:\/\/www.leoniparma.it\/prodotto\/caniveau-de-douche-a-sortie-laterale-en-acier-inoxydable\/"},"modified":"2025-07-14T13:34:25","modified_gmt":"2025-07-14T13:34:25","slug":"caniveau-de-douche-a-sortie-laterale-en-acier-inoxydable","status":"publish","type":"product","link":"https:\/\/www.leoniparma.it\/fr\/prodotto\/caniveau-de-douche-a-sortie-laterale-en-acier-inoxydable\/","title":{"rendered":"Caniveau de douche sur sortie lat\u00e9rale acier inoxydable"},"content":{"rendered":"<p>Il est possible de personnaliser les couvercles, les longueurs, le positionnement et la direction des canaux sortes.<\/p>\n","protected":false},"excerpt":{"rendered":"<p>Il est possible de personnaliser les couvercles, les longueurs, le positionnement et la direction des canaux sortes.<\/p>\n","protected":false},"featured_media":4514,"template":"","meta":{"_acf_changed":false},"product_brand":[],"product_cat":[199,196,208],"product_tag":[],"class_list":{"0":"post-4511","1":"product","2":"type-product","3":"status-publish","4":"has-post-thumbnail","6":"product_cat-canal-et-baignoires","7":"product_cat-systemes-de-drainage","8":"product_cat-caniveaux-de-douche","10":"first","11":"instock","12":"product-type-simple"},"acf":[],"yoast_head":"<!-- This site is optimized with the Yoast SEO plugin v25.3 - https:\/\/yoast.com\/wordpress\/plugins\/seo\/ -->\n<title>Siphon de douche \u00e0 \u00e9vacuation lat\u00e9rale | Atelier Leoni Parma<\/title>\n<meta name=\"description\" content=\"Caniveau de douche en acier inoxydable sortie lat\u00e9rale. Contactez-nous pour plus d&#039;informations et un devis !\" \/>\n<meta name=\"robots\" content=\"index, follow, max-snippet:-1, max-image-preview:large, max-video-preview:-1\" \/>\n<link rel=\"canonical\" href=\"https:\/\/www.leoniparma.it\/fr\/prodotto\/caniveau-de-douche-a-sortie-laterale-en-acier-inoxydable\/\" \/>\n<meta property=\"og:locale\" content=\"fr_FR\" \/>\n<meta property=\"og:type\" content=\"article\" \/>\n<meta property=\"og:title\" content=\"Siphon de douche \u00e0 \u00e9vacuation lat\u00e9rale | Atelier Leoni Parma\" \/>\n<meta property=\"og:description\" content=\"Caniveau de douche en acier inoxydable sortie lat\u00e9rale. Contactez-nous pour plus d&#039;informations et un devis !\" \/>\n<meta property=\"og:url\" content=\"https:\/\/www.leoniparma.it\/fr\/prodotto\/caniveau-de-douche-a-sortie-laterale-en-acier-inoxydable\/\" \/>\n<meta property=\"og:site_name\" content=\"Officina Meccanica Leoni\" \/>\n<meta property=\"article:modified_time\" content=\"2025-07-14T13:34:25+00:00\" \/>\n<meta property=\"og:image\" content=\"https:\/\/www.leoniparma.it\/wp-content\/uploads\/2025\/03\/canalina-doccia-scarico-orizzontale-laterale-\u2013-CDC.10400L-scaled.webp\" \/>\n\t<meta property=\"og:image:width\" content=\"2560\" \/>\n\t<meta property=\"og:image:height\" content=\"1958\" \/>\n\t<meta property=\"og:image:type\" content=\"image\/webp\" \/>\n<meta name=\"twitter:card\" content=\"summary_large_image\" \/>\n<script type=\"application\/ld+json\" class=\"yoast-schema-graph\">{\"@context\":\"https:\/\/schema.org\",\"@graph\":[{\"@type\":\"WebPage\",\"@id\":\"https:\/\/www.leoniparma.it\/fr\/prodotto\/caniveau-de-douche-a-sortie-laterale-en-acier-inoxydable\/\",\"url\":\"https:\/\/www.leoniparma.it\/fr\/prodotto\/caniveau-de-douche-a-sortie-laterale-en-acier-inoxydable\/\",\"name\":\"Siphon de douche \u00e0 \u00e9vacuation lat\u00e9rale | Atelier Leoni Parma\",\"isPartOf\":{\"@id\":\"https:\/\/www.leoniparma.it\/fr\/#website\"},\"primaryImageOfPage\":{\"@id\":\"https:\/\/www.leoniparma.it\/fr\/prodotto\/caniveau-de-douche-a-sortie-laterale-en-acier-inoxydable\/#primaryimage\"},\"image\":{\"@id\":\"https:\/\/www.leoniparma.it\/fr\/prodotto\/caniveau-de-douche-a-sortie-laterale-en-acier-inoxydable\/#primaryimage\"},\"thumbnailUrl\":\"https:\/\/www.leoniparma.it\/wp-content\/uploads\/2025\/03\/canalina-doccia-scarico-orizzontale-laterale-\u2013-CDC.10400L-scaled.webp\",\"datePublished\":\"2025-03-13T10:16:09+00:00\",\"dateModified\":\"2025-07-14T13:34:25+00:00\",\"description\":\"Caniveau de douche en acier inoxydable sortie lat\u00e9rale. Contactez-nous pour plus d'informations et un devis !\",\"breadcrumb\":{\"@id\":\"https:\/\/www.leoniparma.it\/fr\/prodotto\/caniveau-de-douche-a-sortie-laterale-en-acier-inoxydable\/#breadcrumb\"},\"inLanguage\":\"fr-FR\",\"potentialAction\":[{\"@type\":\"ReadAction\",\"target\":[\"https:\/\/www.leoniparma.it\/fr\/prodotto\/caniveau-de-douche-a-sortie-laterale-en-acier-inoxydable\/\"]}]},{\"@type\":\"ImageObject\",\"inLanguage\":\"fr-FR\",\"@id\":\"https:\/\/www.leoniparma.it\/fr\/prodotto\/caniveau-de-douche-a-sortie-laterale-en-acier-inoxydable\/#primaryimage\",\"url\":\"https:\/\/www.leoniparma.it\/wp-content\/uploads\/2025\/03\/canalina-doccia-scarico-orizzontale-laterale-\u2013-CDC.10400L-scaled.webp\",\"contentUrl\":\"https:\/\/www.leoniparma.it\/wp-content\/uploads\/2025\/03\/canalina-doccia-scarico-orizzontale-laterale-\u2013-CDC.10400L-scaled.webp\",\"width\":2560,\"height\":1958},{\"@type\":\"BreadcrumbList\",\"@id\":\"https:\/\/www.leoniparma.it\/fr\/prodotto\/caniveau-de-douche-a-sortie-laterale-en-acier-inoxydable\/#breadcrumb\",\"itemListElement\":[{\"@type\":\"ListItem\",\"position\":1,\"name\":\"Accueil\",\"item\":\"https:\/\/www.leoniparma.it\/fr\/\"},{\"@type\":\"ListItem\",\"position\":2,\"name\":\"Syst\u00e8mes de drainage\",\"item\":\"https:\/\/www.leoniparma.it\/fr\/categoria-prodotto\/systemes-de-drainage\/\"},{\"@type\":\"ListItem\",\"position\":3,\"name\":\"Canal et baignoires\",\"item\":\"https:\/\/www.leoniparma.it\/fr\/categoria-prodotto\/systemes-de-drainage\/canal-et-baignoires\/\"},{\"@type\":\"ListItem\",\"position\":4,\"name\":\"Caniveaux de douche\",\"item\":\"https:\/\/www.leoniparma.it\/fr\/categoria-prodotto\/systemes-de-drainage\/canal-et-baignoires\/caniveaux-de-douche\/\"},{\"@type\":\"ListItem\",\"position\":5,\"name\":\"Caniveau de douche sur sortie lat\u00e9rale acier inoxydable\"}]},{\"@type\":\"WebSite\",\"@id\":\"https:\/\/www.leoniparma.it\/fr\/#website\",\"url\":\"https:\/\/www.leoniparma.it\/fr\/\",\"name\":\"Officina Meccanica Leoni\",\"description\":\"\",\"publisher\":{\"@id\":\"https:\/\/www.leoniparma.it\/fr\/#organization\"},\"potentialAction\":[{\"@type\":\"SearchAction\",\"target\":{\"@type\":\"EntryPoint\",\"urlTemplate\":\"https:\/\/www.leoniparma.it\/fr\/?s={search_term_string}\"},\"query-input\":{\"@type\":\"PropertyValueSpecification\",\"valueRequired\":true,\"valueName\":\"search_term_string\"}}],\"inLanguage\":\"fr-FR\"},{\"@type\":\"Organization\",\"@id\":\"https:\/\/www.leoniparma.it\/fr\/#organization\",\"name\":\"Officina Meccanica Leoni\",\"url\":\"https:\/\/www.leoniparma.it\/fr\/\",\"logo\":{\"@type\":\"ImageObject\",\"inLanguage\":\"fr-FR\",\"@id\":\"https:\/\/www.leoniparma.it\/fr\/#\/schema\/logo\/image\/\",\"url\":\"https:\/\/www.leoniparma.it\/wp-content\/uploads\/2025\/02\/logo.svg\",\"contentUrl\":\"https:\/\/www.leoniparma.it\/wp-content\/uploads\/2025\/02\/logo.svg\",\"width\":381,\"height\":232,\"caption\":\"Officina Meccanica Leoni\"},\"image\":{\"@id\":\"https:\/\/www.leoniparma.it\/fr\/#\/schema\/logo\/image\/\"},\"sameAs\":[\"https:\/\/www.linkedin.com\/company\/leoni-parma-officina\/\"]}]}<\/script>\n<!-- \/ Yoast SEO plugin. -->","yoast_head_json":{"title":"Siphon de douche \u00e0 \u00e9vacuation lat\u00e9rale | Atelier Leoni Parma","description":"Caniveau de douche en acier inoxydable sortie lat\u00e9rale. Contactez-nous pour plus d'informations et un devis !","robots":{"index":"index","follow":"follow","max-snippet":"max-snippet:-1","max-image-preview":"max-image-preview:large","max-video-preview":"max-video-preview:-1"},"canonical":"https:\/\/www.leoniparma.it\/fr\/prodotto\/caniveau-de-douche-a-sortie-laterale-en-acier-inoxydable\/","og_locale":"fr_FR","og_type":"article","og_title":"Siphon de douche \u00e0 \u00e9vacuation lat\u00e9rale | Atelier Leoni Parma","og_description":"Caniveau de douche en acier inoxydable sortie lat\u00e9rale. Contactez-nous pour plus d'informations et un devis !","og_url":"https:\/\/www.leoniparma.it\/fr\/prodotto\/caniveau-de-douche-a-sortie-laterale-en-acier-inoxydable\/","og_site_name":"Officina Meccanica Leoni","article_modified_time":"2025-07-14T13:34:25+00:00","og_image":[{"width":2560,"height":1958,"url":"https:\/\/www.leoniparma.it\/wp-content\/uploads\/2025\/03\/canalina-doccia-scarico-orizzontale-laterale-\u2013-CDC.10400L-scaled.webp","type":"image\/webp"}],"twitter_card":"summary_large_image","schema":{"@context":"https:\/\/schema.org","@graph":[{"@type":"WebPage","@id":"https:\/\/www.leoniparma.it\/fr\/prodotto\/caniveau-de-douche-a-sortie-laterale-en-acier-inoxydable\/","url":"https:\/\/www.leoniparma.it\/fr\/prodotto\/caniveau-de-douche-a-sortie-laterale-en-acier-inoxydable\/","name":"Siphon de douche \u00e0 \u00e9vacuation lat\u00e9rale | Atelier Leoni Parma","isPartOf":{"@id":"https:\/\/www.leoniparma.it\/fr\/#website"},"primaryImageOfPage":{"@id":"https:\/\/www.leoniparma.it\/fr\/prodotto\/caniveau-de-douche-a-sortie-laterale-en-acier-inoxydable\/#primaryimage"},"image":{"@id":"https:\/\/www.leoniparma.it\/fr\/prodotto\/caniveau-de-douche-a-sortie-laterale-en-acier-inoxydable\/#primaryimage"},"thumbnailUrl":"https:\/\/www.leoniparma.it\/wp-content\/uploads\/2025\/03\/canalina-doccia-scarico-orizzontale-laterale-\u2013-CDC.10400L-scaled.webp","datePublished":"2025-03-13T10:16:09+00:00","dateModified":"2025-07-14T13:34:25+00:00","description":"Caniveau de douche en acier inoxydable sortie lat\u00e9rale. Contactez-nous pour plus d'informations et un devis !","breadcrumb":{"@id":"https:\/\/www.leoniparma.it\/fr\/prodotto\/caniveau-de-douche-a-sortie-laterale-en-acier-inoxydable\/#breadcrumb"},"inLanguage":"fr-FR","potentialAction":[{"@type":"ReadAction","target":["https:\/\/www.leoniparma.it\/fr\/prodotto\/caniveau-de-douche-a-sortie-laterale-en-acier-inoxydable\/"]}]},{"@type":"ImageObject","inLanguage":"fr-FR","@id":"https:\/\/www.leoniparma.it\/fr\/prodotto\/caniveau-de-douche-a-sortie-laterale-en-acier-inoxydable\/#primaryimage","url":"https:\/\/www.leoniparma.it\/wp-content\/uploads\/2025\/03\/canalina-doccia-scarico-orizzontale-laterale-\u2013-CDC.10400L-scaled.webp","contentUrl":"https:\/\/www.leoniparma.it\/wp-content\/uploads\/2025\/03\/canalina-doccia-scarico-orizzontale-laterale-\u2013-CDC.10400L-scaled.webp","width":2560,"height":1958},{"@type":"BreadcrumbList","@id":"https:\/\/www.leoniparma.it\/fr\/prodotto\/caniveau-de-douche-a-sortie-laterale-en-acier-inoxydable\/#breadcrumb","itemListElement":[{"@type":"ListItem","position":1,"name":"Accueil","item":"https:\/\/www.leoniparma.it\/fr\/"},{"@type":"ListItem","position":2,"name":"Syst\u00e8mes de drainage","item":"https:\/\/www.leoniparma.it\/fr\/categoria-prodotto\/systemes-de-drainage\/"},{"@type":"ListItem","position":3,"name":"Canal et baignoires","item":"https:\/\/www.leoniparma.it\/fr\/categoria-prodotto\/systemes-de-drainage\/canal-et-baignoires\/"},{"@type":"ListItem","position":4,"name":"Caniveaux de douche","item":"https:\/\/www.leoniparma.it\/fr\/categoria-prodotto\/systemes-de-drainage\/canal-et-baignoires\/caniveaux-de-douche\/"},{"@type":"ListItem","position":5,"name":"Caniveau de douche sur sortie lat\u00e9rale acier inoxydable"}]},{"@type":"WebSite","@id":"https:\/\/www.leoniparma.it\/fr\/#website","url":"https:\/\/www.leoniparma.it\/fr\/","name":"Officina Meccanica Leoni","description":"","publisher":{"@id":"https:\/\/www.leoniparma.it\/fr\/#organization"},"potentialAction":[{"@type":"SearchAction","target":{"@type":"EntryPoint","urlTemplate":"https:\/\/www.leoniparma.it\/fr\/?s={search_term_string}"},"query-input":{"@type":"PropertyValueSpecification","valueRequired":true,"valueName":"search_term_string"}}],"inLanguage":"fr-FR"},{"@type":"Organization","@id":"https:\/\/www.leoniparma.it\/fr\/#organization","name":"Officina Meccanica Leoni","url":"https:\/\/www.leoniparma.it\/fr\/","logo":{"@type":"ImageObject","inLanguage":"fr-FR","@id":"https:\/\/www.leoniparma.it\/fr\/#\/schema\/logo\/image\/","url":"https:\/\/www.leoniparma.it\/wp-content\/uploads\/2025\/02\/logo.svg","contentUrl":"https:\/\/www.leoniparma.it\/wp-content\/uploads\/2025\/02\/logo.svg","width":381,"height":232,"caption":"Officina Meccanica Leoni"},"image":{"@id":"https:\/\/www.leoniparma.it\/fr\/#\/schema\/logo\/image\/"},"sameAs":["https:\/\/www.linkedin.com\/company\/leoni-parma-officina\/"]}]}},"_links":{"self":[{"href":"https:\/\/www.leoniparma.it\/fr\/wp-json\/wp\/v2\/product\/4511","targetHints":{"allow":["GET"]}}],"collection":[{"href":"https:\/\/www.leoniparma.it\/fr\/wp-json\/wp\/v2\/product"}],"about":[{"href":"https:\/\/www.leoniparma.it\/fr\/wp-json\/wp\/v2\/types\/product"}],"version-history":[{"count":2,"href":"https:\/\/www.leoniparma.it\/fr\/wp-json\/wp\/v2\/product\/4511\/revisions"}],"predecessor-version":[{"id":5730,"href":"https:\/\/www.leoniparma.it\/fr\/wp-json\/wp\/v2\/product\/4511\/revisions\/5730"}],"wp:featuredmedia":[{"embeddable":true,"href":"https:\/\/www.leoniparma.it\/fr\/wp-json\/wp\/v2\/media\/4514"}],"wp:attachment":[{"href":"https:\/\/www.leoniparma.it\/fr\/wp-json\/wp\/v2\/media?parent=4511"}],"wp:term":[{"taxonomy":"product_brand","embeddable":true,"href":"https:\/\/www.leoniparma.it\/fr\/wp-json\/wp\/v2\/product_brand?post=4511"},{"taxonomy":"product_cat","embeddable":true,"href":"https:\/\/www.leoniparma.it\/fr\/wp-json\/wp\/v2\/product_cat?post=4511"},{"taxonomy":"product_tag","embeddable":true,"href":"https:\/\/www.leoniparma.it\/fr\/wp-json\/wp\/v2\/product_tag?post=4511"}],"curies":[{"name":"wp","href":"https:\/\/api.w.org\/{rel}","templated":true}]}}