{"id":4519,"date":"2025-03-13T10:18:21","date_gmt":"2025-03-13T10:18:21","guid":{"rendered":"https:\/\/www.leoniparma.it\/prodotto\/portes-de-cuves-sans-charnieres-de-la-serie-b-sc-ar\/"},"modified":"2025-07-23T09:00:55","modified_gmt":"2025-07-23T09:00:55","slug":"portes-de-cuves-sans-charnieres-de-la-serie-b-sc-ar","status":"publish","type":"product","link":"https:\/\/www.leoniparma.it\/fr\/prodotto\/portes-de-cuves-sans-charnieres-de-la-serie-b-sc-ar\/","title":{"rendered":"S\u00e9rie B-Sc Ar&#8221; : couvercles de portes de cuves sans charni\u00e8re"},"content":{"rendered":"<p>Dimensionnellement similaires \u00e0 la gamme standard de portes de cuves sans charni\u00e8re, ils se caract\u00e9risent par la forme sp\u00e9ciale du couvercle, qui \u00e9vite le probl\u00e8me du d\u00e9p\u00f4t et de la stagnation des liquides \u00e0 l&#8217;ext\u00e9rieur du bouchon.<br \/>\nIls se distinguent des autres antirisques portes de cuves par l&#8217;absence de charni\u00e8re : le couvercle est ainsi compl\u00e8tement d\u00e9tach\u00e9 du cadre, ce qui permet de l&#8217;enlever apr\u00e8s ouverture.<br \/>\nDisponible en acier inoxydable AISI 304 ou AISI 316 L.<\/p>\n","protected":false},"excerpt":{"rendered":"<p>Dimensionnellement similaires \u00e0 la gamme standard de portes de cuves sans charni\u00e8re, ils se caract\u00e9risent par la forme sp\u00e9ciale du couvercle, qui \u00e9vite le probl\u00e8me du d\u00e9p\u00f4t et de la stagnation des liquides \u00e0 l&#8217;ext\u00e9rieur du bouchon. Ils se distinguent des autres antirisques portes de cuves par l&#8217;absence de charni\u00e8re : le couvercle est ainsi [&hellip;]<\/p>\n","protected":false},"featured_media":4522,"template":"","meta":{"_acf_changed":false},"product_brand":[],"product_cat":[206,210],"product_tag":[],"class_list":{"0":"post-4519","1":"product","2":"type-product","3":"status-publish","4":"has-post-thumbnail","6":"product_cat-portes-de-cuves-et-vannes","7":"product_cat-portes-de-cuves-sans-charnieres","9":"first","10":"instock","11":"product-type-simple"},"acf":[],"yoast_head":"<!-- This site is optimized with the Yoast SEO plugin v25.3 - https:\/\/yoast.com\/wordpress\/plugins\/seo\/ -->\n<title>Portes de cuves sans charni\u00e8res sans charni\u00e8res S\u00e9rie &quot;B-Sc Ar&quot; | Atelier Leoni<\/title>\n<meta name=\"description\" content=\"Portes de cuves sans charni\u00e8res pour conteneurs, r\u00e9servoirs, citernes et filtres. Contactez-nous pour un devis !\" \/>\n<meta name=\"robots\" content=\"index, follow, max-snippet:-1, max-image-preview:large, max-video-preview:-1\" \/>\n<link rel=\"canonical\" href=\"https:\/\/www.leoniparma.it\/fr\/prodotto\/portes-de-cuves-sans-charnieres-de-la-serie-b-sc-ar\/\" \/>\n<meta property=\"og:locale\" content=\"fr_FR\" \/>\n<meta property=\"og:type\" content=\"article\" \/>\n<meta property=\"og:title\" content=\"Portes de cuves sans charni\u00e8res sans charni\u00e8res S\u00e9rie &quot;B-Sc Ar&quot; | Atelier Leoni\" \/>\n<meta property=\"og:description\" content=\"Portes de cuves sans charni\u00e8res pour conteneurs, r\u00e9servoirs, citernes et filtres. Contactez-nous pour un devis !\" \/>\n<meta property=\"og:url\" content=\"https:\/\/www.leoniparma.it\/fr\/prodotto\/portes-de-cuves-sans-charnieres-de-la-serie-b-sc-ar\/\" \/>\n<meta property=\"og:site_name\" content=\"Officina Meccanica Leoni\" \/>\n<meta property=\"article:modified_time\" content=\"2025-07-23T09:00:55+00:00\" \/>\n<meta property=\"og:image\" content=\"https:\/\/www.leoniparma.it\/wp-content\/uploads\/2025\/03\/boccaporto-senza-cerniera-O210-chiuso-B-210-SC-AR-scaled.webp\" \/>\n\t<meta property=\"og:image:width\" content=\"2560\" \/>\n\t<meta property=\"og:image:height\" content=\"1920\" \/>\n\t<meta property=\"og:image:type\" content=\"image\/webp\" \/>\n<meta name=\"twitter:card\" content=\"summary_large_image\" \/>\n<script type=\"application\/ld+json\" class=\"yoast-schema-graph\">{\"@context\":\"https:\/\/schema.org\",\"@graph\":[{\"@type\":\"WebPage\",\"@id\":\"https:\/\/www.leoniparma.it\/fr\/prodotto\/portes-de-cuves-sans-charnieres-de-la-serie-b-sc-ar\/\",\"url\":\"https:\/\/www.leoniparma.it\/fr\/prodotto\/portes-de-cuves-sans-charnieres-de-la-serie-b-sc-ar\/\",\"name\":\"Portes de cuves sans charni\u00e8res sans charni\u00e8res S\u00e9rie \\\"B-Sc Ar\\\" | Atelier Leoni\",\"isPartOf\":{\"@id\":\"https:\/\/www.leoniparma.it\/fr\/#website\"},\"primaryImageOfPage\":{\"@id\":\"https:\/\/www.leoniparma.it\/fr\/prodotto\/portes-de-cuves-sans-charnieres-de-la-serie-b-sc-ar\/#primaryimage\"},\"image\":{\"@id\":\"https:\/\/www.leoniparma.it\/fr\/prodotto\/portes-de-cuves-sans-charnieres-de-la-serie-b-sc-ar\/#primaryimage\"},\"thumbnailUrl\":\"https:\/\/www.leoniparma.it\/wp-content\/uploads\/2025\/03\/boccaporto-senza-cerniera-O210-chiuso-B-210-SC-AR-scaled.webp\",\"datePublished\":\"2025-03-13T10:18:21+00:00\",\"dateModified\":\"2025-07-23T09:00:55+00:00\",\"description\":\"Portes de cuves sans charni\u00e8res pour conteneurs, r\u00e9servoirs, citernes et filtres. Contactez-nous pour un devis !\",\"breadcrumb\":{\"@id\":\"https:\/\/www.leoniparma.it\/fr\/prodotto\/portes-de-cuves-sans-charnieres-de-la-serie-b-sc-ar\/#breadcrumb\"},\"inLanguage\":\"fr-FR\",\"potentialAction\":[{\"@type\":\"ReadAction\",\"target\":[\"https:\/\/www.leoniparma.it\/fr\/prodotto\/portes-de-cuves-sans-charnieres-de-la-serie-b-sc-ar\/\"]}]},{\"@type\":\"ImageObject\",\"inLanguage\":\"fr-FR\",\"@id\":\"https:\/\/www.leoniparma.it\/fr\/prodotto\/portes-de-cuves-sans-charnieres-de-la-serie-b-sc-ar\/#primaryimage\",\"url\":\"https:\/\/www.leoniparma.it\/wp-content\/uploads\/2025\/03\/boccaporto-senza-cerniera-O210-chiuso-B-210-SC-AR-scaled.webp\",\"contentUrl\":\"https:\/\/www.leoniparma.it\/wp-content\/uploads\/2025\/03\/boccaporto-senza-cerniera-O210-chiuso-B-210-SC-AR-scaled.webp\",\"width\":2560,\"height\":1920},{\"@type\":\"BreadcrumbList\",\"@id\":\"https:\/\/www.leoniparma.it\/fr\/prodotto\/portes-de-cuves-sans-charnieres-de-la-serie-b-sc-ar\/#breadcrumb\",\"itemListElement\":[{\"@type\":\"ListItem\",\"position\":1,\"name\":\"Accueil\",\"item\":\"https:\/\/www.leoniparma.it\/fr\/\"},{\"@type\":\"ListItem\",\"position\":2,\"name\":\"Portes de cuves et vannes\",\"item\":\"https:\/\/www.leoniparma.it\/fr\/categoria-prodotto\/portes-de-cuves-et-vannes\/\"},{\"@type\":\"ListItem\",\"position\":3,\"name\":\"S\u00e9rie B-Sc Ar&#8221; : couvercles de portes de cuves sans charni\u00e8re\"}]},{\"@type\":\"WebSite\",\"@id\":\"https:\/\/www.leoniparma.it\/fr\/#website\",\"url\":\"https:\/\/www.leoniparma.it\/fr\/\",\"name\":\"Officina Meccanica Leoni\",\"description\":\"\",\"publisher\":{\"@id\":\"https:\/\/www.leoniparma.it\/fr\/#organization\"},\"potentialAction\":[{\"@type\":\"SearchAction\",\"target\":{\"@type\":\"EntryPoint\",\"urlTemplate\":\"https:\/\/www.leoniparma.it\/fr\/?s={search_term_string}\"},\"query-input\":{\"@type\":\"PropertyValueSpecification\",\"valueRequired\":true,\"valueName\":\"search_term_string\"}}],\"inLanguage\":\"fr-FR\"},{\"@type\":\"Organization\",\"@id\":\"https:\/\/www.leoniparma.it\/fr\/#organization\",\"name\":\"Officina Meccanica Leoni\",\"url\":\"https:\/\/www.leoniparma.it\/fr\/\",\"logo\":{\"@type\":\"ImageObject\",\"inLanguage\":\"fr-FR\",\"@id\":\"https:\/\/www.leoniparma.it\/fr\/#\/schema\/logo\/image\/\",\"url\":\"https:\/\/www.leoniparma.it\/wp-content\/uploads\/2025\/02\/logo.svg\",\"contentUrl\":\"https:\/\/www.leoniparma.it\/wp-content\/uploads\/2025\/02\/logo.svg\",\"width\":381,\"height\":232,\"caption\":\"Officina Meccanica Leoni\"},\"image\":{\"@id\":\"https:\/\/www.leoniparma.it\/fr\/#\/schema\/logo\/image\/\"},\"sameAs\":[\"https:\/\/www.linkedin.com\/company\/leoni-parma-officina\/\"]}]}<\/script>\n<!-- \/ Yoast SEO plugin. -->","yoast_head_json":{"title":"Portes de cuves sans charni\u00e8res sans charni\u00e8res S\u00e9rie \"B-Sc Ar\" | Atelier Leoni","description":"Portes de cuves sans charni\u00e8res pour conteneurs, r\u00e9servoirs, citernes et filtres. Contactez-nous pour un devis !","robots":{"index":"index","follow":"follow","max-snippet":"max-snippet:-1","max-image-preview":"max-image-preview:large","max-video-preview":"max-video-preview:-1"},"canonical":"https:\/\/www.leoniparma.it\/fr\/prodotto\/portes-de-cuves-sans-charnieres-de-la-serie-b-sc-ar\/","og_locale":"fr_FR","og_type":"article","og_title":"Portes de cuves sans charni\u00e8res sans charni\u00e8res S\u00e9rie \"B-Sc Ar\" | Atelier Leoni","og_description":"Portes de cuves sans charni\u00e8res pour conteneurs, r\u00e9servoirs, citernes et filtres. Contactez-nous pour un devis !","og_url":"https:\/\/www.leoniparma.it\/fr\/prodotto\/portes-de-cuves-sans-charnieres-de-la-serie-b-sc-ar\/","og_site_name":"Officina Meccanica Leoni","article_modified_time":"2025-07-23T09:00:55+00:00","og_image":[{"width":2560,"height":1920,"url":"https:\/\/www.leoniparma.it\/wp-content\/uploads\/2025\/03\/boccaporto-senza-cerniera-O210-chiuso-B-210-SC-AR-scaled.webp","type":"image\/webp"}],"twitter_card":"summary_large_image","schema":{"@context":"https:\/\/schema.org","@graph":[{"@type":"WebPage","@id":"https:\/\/www.leoniparma.it\/fr\/prodotto\/portes-de-cuves-sans-charnieres-de-la-serie-b-sc-ar\/","url":"https:\/\/www.leoniparma.it\/fr\/prodotto\/portes-de-cuves-sans-charnieres-de-la-serie-b-sc-ar\/","name":"Portes de cuves sans charni\u00e8res sans charni\u00e8res S\u00e9rie \"B-Sc Ar\" | Atelier Leoni","isPartOf":{"@id":"https:\/\/www.leoniparma.it\/fr\/#website"},"primaryImageOfPage":{"@id":"https:\/\/www.leoniparma.it\/fr\/prodotto\/portes-de-cuves-sans-charnieres-de-la-serie-b-sc-ar\/#primaryimage"},"image":{"@id":"https:\/\/www.leoniparma.it\/fr\/prodotto\/portes-de-cuves-sans-charnieres-de-la-serie-b-sc-ar\/#primaryimage"},"thumbnailUrl":"https:\/\/www.leoniparma.it\/wp-content\/uploads\/2025\/03\/boccaporto-senza-cerniera-O210-chiuso-B-210-SC-AR-scaled.webp","datePublished":"2025-03-13T10:18:21+00:00","dateModified":"2025-07-23T09:00:55+00:00","description":"Portes de cuves sans charni\u00e8res pour conteneurs, r\u00e9servoirs, citernes et filtres. Contactez-nous pour un devis !","breadcrumb":{"@id":"https:\/\/www.leoniparma.it\/fr\/prodotto\/portes-de-cuves-sans-charnieres-de-la-serie-b-sc-ar\/#breadcrumb"},"inLanguage":"fr-FR","potentialAction":[{"@type":"ReadAction","target":["https:\/\/www.leoniparma.it\/fr\/prodotto\/portes-de-cuves-sans-charnieres-de-la-serie-b-sc-ar\/"]}]},{"@type":"ImageObject","inLanguage":"fr-FR","@id":"https:\/\/www.leoniparma.it\/fr\/prodotto\/portes-de-cuves-sans-charnieres-de-la-serie-b-sc-ar\/#primaryimage","url":"https:\/\/www.leoniparma.it\/wp-content\/uploads\/2025\/03\/boccaporto-senza-cerniera-O210-chiuso-B-210-SC-AR-scaled.webp","contentUrl":"https:\/\/www.leoniparma.it\/wp-content\/uploads\/2025\/03\/boccaporto-senza-cerniera-O210-chiuso-B-210-SC-AR-scaled.webp","width":2560,"height":1920},{"@type":"BreadcrumbList","@id":"https:\/\/www.leoniparma.it\/fr\/prodotto\/portes-de-cuves-sans-charnieres-de-la-serie-b-sc-ar\/#breadcrumb","itemListElement":[{"@type":"ListItem","position":1,"name":"Accueil","item":"https:\/\/www.leoniparma.it\/fr\/"},{"@type":"ListItem","position":2,"name":"Portes de cuves et vannes","item":"https:\/\/www.leoniparma.it\/fr\/categoria-prodotto\/portes-de-cuves-et-vannes\/"},{"@type":"ListItem","position":3,"name":"S\u00e9rie B-Sc Ar&#8221; : couvercles de portes de cuves sans charni\u00e8re"}]},{"@type":"WebSite","@id":"https:\/\/www.leoniparma.it\/fr\/#website","url":"https:\/\/www.leoniparma.it\/fr\/","name":"Officina Meccanica Leoni","description":"","publisher":{"@id":"https:\/\/www.leoniparma.it\/fr\/#organization"},"potentialAction":[{"@type":"SearchAction","target":{"@type":"EntryPoint","urlTemplate":"https:\/\/www.leoniparma.it\/fr\/?s={search_term_string}"},"query-input":{"@type":"PropertyValueSpecification","valueRequired":true,"valueName":"search_term_string"}}],"inLanguage":"fr-FR"},{"@type":"Organization","@id":"https:\/\/www.leoniparma.it\/fr\/#organization","name":"Officina Meccanica Leoni","url":"https:\/\/www.leoniparma.it\/fr\/","logo":{"@type":"ImageObject","inLanguage":"fr-FR","@id":"https:\/\/www.leoniparma.it\/fr\/#\/schema\/logo\/image\/","url":"https:\/\/www.leoniparma.it\/wp-content\/uploads\/2025\/02\/logo.svg","contentUrl":"https:\/\/www.leoniparma.it\/wp-content\/uploads\/2025\/02\/logo.svg","width":381,"height":232,"caption":"Officina Meccanica Leoni"},"image":{"@id":"https:\/\/www.leoniparma.it\/fr\/#\/schema\/logo\/image\/"},"sameAs":["https:\/\/www.linkedin.com\/company\/leoni-parma-officina\/"]}]}},"_links":{"self":[{"href":"https:\/\/www.leoniparma.it\/fr\/wp-json\/wp\/v2\/product\/4519","targetHints":{"allow":["GET"]}}],"collection":[{"href":"https:\/\/www.leoniparma.it\/fr\/wp-json\/wp\/v2\/product"}],"about":[{"href":"https:\/\/www.leoniparma.it\/fr\/wp-json\/wp\/v2\/types\/product"}],"version-history":[{"count":5,"href":"https:\/\/www.leoniparma.it\/fr\/wp-json\/wp\/v2\/product\/4519\/revisions"}],"predecessor-version":[{"id":5792,"href":"https:\/\/www.leoniparma.it\/fr\/wp-json\/wp\/v2\/product\/4519\/revisions\/5792"}],"wp:featuredmedia":[{"embeddable":true,"href":"https:\/\/www.leoniparma.it\/fr\/wp-json\/wp\/v2\/media\/4522"}],"wp:attachment":[{"href":"https:\/\/www.leoniparma.it\/fr\/wp-json\/wp\/v2\/media?parent=4519"}],"wp:term":[{"taxonomy":"product_brand","embeddable":true,"href":"https:\/\/www.leoniparma.it\/fr\/wp-json\/wp\/v2\/product_brand?post=4519"},{"taxonomy":"product_cat","embeddable":true,"href":"https:\/\/www.leoniparma.it\/fr\/wp-json\/wp\/v2\/product_cat?post=4519"},{"taxonomy":"product_tag","embeddable":true,"href":"https:\/\/www.leoniparma.it\/fr\/wp-json\/wp\/v2\/product_tag?post=4519"}],"curies":[{"name":"wp","href":"https:\/\/api.w.org\/{rel}","templated":true}]}}