{"id":4521,"date":"2025-03-13T10:16:09","date_gmt":"2025-03-13T10:16:09","guid":{"rendered":"https:\/\/www.leoniparma.it\/prodotto\/portes-de-cuves-a-charnieres-en-acier-inoxydable\/"},"modified":"2025-07-14T13:32:00","modified_gmt":"2025-07-14T13:32:00","slug":"portes-de-cuves-a-charnieres-en-acier-inoxydable","status":"publish","type":"product","link":"https:\/\/www.leoniparma.it\/fr\/prodotto\/portes-de-cuves-a-charnieres-en-acier-inoxydable\/","title":{"rendered":"Portes de cuves \u00e0 charni\u00e8res en acier inoxydable"},"content":{"rendered":"<p>Dimensionnellement similaires \u00e0 la gamme standard de portes de cuves, ils se caract\u00e9risent par la forme sp\u00e9ciale du couvercle, qui \u00e9vite le probl\u00e8me des d\u00e9p\u00f4ts et de la stagnation des liquides \u00e0 l&#8217;ext\u00e9rieur du bouchon.<br \/>\nL&#8217;ouverture est externe, le caoutchouc est simplement agraf\u00e9 dans le couvercle.<br \/>\nLe collier, \u00e9quip\u00e9 d&#8217;une goupille de s\u00e9curit\u00e9 contre l&#8217;ouverture accidentelle, assure une fermeture rapide et uniform\u00e9ment \u00e9tanche.<br \/>\nIls sont disponibles en acier inoxydable AISI 304 ou 316L.<\/p>\n","protected":false},"excerpt":{"rendered":"<p>Dimensionnellement similaires \u00e0 la gamme standard de portes de cuves, ils se caract\u00e9risent par la forme sp\u00e9ciale du couvercle, qui \u00e9vite le probl\u00e8me des d\u00e9p\u00f4ts et de la stagnation des liquides \u00e0 l&#8217;ext\u00e9rieur du bouchon. L&#8217;ouverture est externe, le caoutchouc est simplement agraf\u00e9 dans le couvercle. Le collier, \u00e9quip\u00e9 d&#8217;une goupille de s\u00e9curit\u00e9 contre l&#8217;ouverture [&hellip;]<\/p>\n","protected":false},"featured_media":4525,"template":"","meta":{"_acf_changed":false},"product_brand":[],"product_cat":[206,209],"product_tag":[],"class_list":{"0":"post-4521","1":"product","2":"type-product","3":"status-publish","4":"has-post-thumbnail","6":"product_cat-portes-de-cuves-et-vannes","7":"product_cat-portes-de-cuves-a-charnieres","9":"first","10":"instock","11":"product-type-simple"},"acf":[],"yoast_head":"<!-- This site is optimized with the Yoast SEO plugin v25.3 - https:\/\/yoast.com\/wordpress\/plugins\/seo\/ -->\n<title>Trappe avec charni\u00e8re | Atelier Leoni Parma<\/title>\n<meta name=\"description\" content=\"Portes de cuves \u00e9tanches \u00e0 charni\u00e8res en acier inoxydable pour conteneurs et r\u00e9servoirs industriels. Etanch\u00e9it\u00e9 parfaite et absence de stagnation. Contactez nous d\u00e8s maintenant !\" \/>\n<meta name=\"robots\" content=\"index, follow, max-snippet:-1, max-image-preview:large, max-video-preview:-1\" \/>\n<link rel=\"canonical\" href=\"https:\/\/www.leoniparma.it\/fr\/prodotto\/portes-de-cuves-a-charnieres-en-acier-inoxydable\/\" \/>\n<meta property=\"og:locale\" content=\"fr_FR\" \/>\n<meta property=\"og:type\" content=\"article\" \/>\n<meta property=\"og:title\" content=\"Trappe avec charni\u00e8re | Atelier Leoni Parma\" \/>\n<meta property=\"og:description\" content=\"Portes de cuves \u00e9tanches \u00e0 charni\u00e8res en acier inoxydable pour conteneurs et r\u00e9servoirs industriels. Etanch\u00e9it\u00e9 parfaite et absence de stagnation. Contactez nous d\u00e8s maintenant !\" \/>\n<meta property=\"og:url\" content=\"https:\/\/www.leoniparma.it\/fr\/prodotto\/portes-de-cuves-a-charnieres-en-acier-inoxydable\/\" \/>\n<meta property=\"og:site_name\" content=\"Officina Meccanica Leoni\" \/>\n<meta property=\"article:modified_time\" content=\"2025-07-14T13:32:00+00:00\" \/>\n<meta property=\"og:image\" content=\"https:\/\/www.leoniparma.it\/wp-content\/uploads\/2025\/03\/boccaporto-antiristagno-con-cerniera-O310-chiuso-B-310-AR-scaled.webp\" \/>\n\t<meta property=\"og:image:width\" content=\"2560\" \/>\n\t<meta property=\"og:image:height\" content=\"1920\" \/>\n\t<meta property=\"og:image:type\" content=\"image\/webp\" \/>\n<meta name=\"twitter:card\" content=\"summary_large_image\" \/>\n<script type=\"application\/ld+json\" class=\"yoast-schema-graph\">{\"@context\":\"https:\/\/schema.org\",\"@graph\":[{\"@type\":\"WebPage\",\"@id\":\"https:\/\/www.leoniparma.it\/fr\/prodotto\/portes-de-cuves-a-charnieres-en-acier-inoxydable\/\",\"url\":\"https:\/\/www.leoniparma.it\/fr\/prodotto\/portes-de-cuves-a-charnieres-en-acier-inoxydable\/\",\"name\":\"Trappe avec charni\u00e8re | Atelier Leoni Parma\",\"isPartOf\":{\"@id\":\"https:\/\/www.leoniparma.it\/fr\/#website\"},\"primaryImageOfPage\":{\"@id\":\"https:\/\/www.leoniparma.it\/fr\/prodotto\/portes-de-cuves-a-charnieres-en-acier-inoxydable\/#primaryimage\"},\"image\":{\"@id\":\"https:\/\/www.leoniparma.it\/fr\/prodotto\/portes-de-cuves-a-charnieres-en-acier-inoxydable\/#primaryimage\"},\"thumbnailUrl\":\"https:\/\/www.leoniparma.it\/wp-content\/uploads\/2025\/03\/boccaporto-antiristagno-con-cerniera-O310-chiuso-B-310-AR-scaled.webp\",\"datePublished\":\"2025-03-13T10:16:09+00:00\",\"dateModified\":\"2025-07-14T13:32:00+00:00\",\"description\":\"Portes de cuves \u00e9tanches \u00e0 charni\u00e8res en acier inoxydable pour conteneurs et r\u00e9servoirs industriels. Etanch\u00e9it\u00e9 parfaite et absence de stagnation. Contactez nous d\u00e8s maintenant !\",\"breadcrumb\":{\"@id\":\"https:\/\/www.leoniparma.it\/fr\/prodotto\/portes-de-cuves-a-charnieres-en-acier-inoxydable\/#breadcrumb\"},\"inLanguage\":\"fr-FR\",\"potentialAction\":[{\"@type\":\"ReadAction\",\"target\":[\"https:\/\/www.leoniparma.it\/fr\/prodotto\/portes-de-cuves-a-charnieres-en-acier-inoxydable\/\"]}]},{\"@type\":\"ImageObject\",\"inLanguage\":\"fr-FR\",\"@id\":\"https:\/\/www.leoniparma.it\/fr\/prodotto\/portes-de-cuves-a-charnieres-en-acier-inoxydable\/#primaryimage\",\"url\":\"https:\/\/www.leoniparma.it\/wp-content\/uploads\/2025\/03\/boccaporto-antiristagno-con-cerniera-O310-chiuso-B-310-AR-scaled.webp\",\"contentUrl\":\"https:\/\/www.leoniparma.it\/wp-content\/uploads\/2025\/03\/boccaporto-antiristagno-con-cerniera-O310-chiuso-B-310-AR-scaled.webp\",\"width\":2560,\"height\":1920,\"caption\":\"trappe de cuves-antiristagno-con-cerniera-O310-chiuso-B-310-AR\"},{\"@type\":\"BreadcrumbList\",\"@id\":\"https:\/\/www.leoniparma.it\/fr\/prodotto\/portes-de-cuves-a-charnieres-en-acier-inoxydable\/#breadcrumb\",\"itemListElement\":[{\"@type\":\"ListItem\",\"position\":1,\"name\":\"Accueil\",\"item\":\"https:\/\/www.leoniparma.it\/fr\/\"},{\"@type\":\"ListItem\",\"position\":2,\"name\":\"Portes de cuves et vannes\",\"item\":\"https:\/\/www.leoniparma.it\/fr\/categoria-prodotto\/portes-de-cuves-et-vannes\/\"},{\"@type\":\"ListItem\",\"position\":3,\"name\":\"Portes de cuves \u00e0 charni\u00e8res en acier inoxydable\"}]},{\"@type\":\"WebSite\",\"@id\":\"https:\/\/www.leoniparma.it\/fr\/#website\",\"url\":\"https:\/\/www.leoniparma.it\/fr\/\",\"name\":\"Officina Meccanica Leoni\",\"description\":\"\",\"publisher\":{\"@id\":\"https:\/\/www.leoniparma.it\/fr\/#organization\"},\"potentialAction\":[{\"@type\":\"SearchAction\",\"target\":{\"@type\":\"EntryPoint\",\"urlTemplate\":\"https:\/\/www.leoniparma.it\/fr\/?s={search_term_string}\"},\"query-input\":{\"@type\":\"PropertyValueSpecification\",\"valueRequired\":true,\"valueName\":\"search_term_string\"}}],\"inLanguage\":\"fr-FR\"},{\"@type\":\"Organization\",\"@id\":\"https:\/\/www.leoniparma.it\/fr\/#organization\",\"name\":\"Officina Meccanica Leoni\",\"url\":\"https:\/\/www.leoniparma.it\/fr\/\",\"logo\":{\"@type\":\"ImageObject\",\"inLanguage\":\"fr-FR\",\"@id\":\"https:\/\/www.leoniparma.it\/fr\/#\/schema\/logo\/image\/\",\"url\":\"https:\/\/www.leoniparma.it\/wp-content\/uploads\/2025\/02\/logo.svg\",\"contentUrl\":\"https:\/\/www.leoniparma.it\/wp-content\/uploads\/2025\/02\/logo.svg\",\"width\":381,\"height\":232,\"caption\":\"Officina Meccanica Leoni\"},\"image\":{\"@id\":\"https:\/\/www.leoniparma.it\/fr\/#\/schema\/logo\/image\/\"},\"sameAs\":[\"https:\/\/www.linkedin.com\/company\/leoni-parma-officina\/\"]}]}<\/script>\n<!-- \/ Yoast SEO plugin. -->","yoast_head_json":{"title":"Trappe avec charni\u00e8re | Atelier Leoni Parma","description":"Portes de cuves \u00e9tanches \u00e0 charni\u00e8res en acier inoxydable pour conteneurs et r\u00e9servoirs industriels. Etanch\u00e9it\u00e9 parfaite et absence de stagnation. Contactez nous d\u00e8s maintenant !","robots":{"index":"index","follow":"follow","max-snippet":"max-snippet:-1","max-image-preview":"max-image-preview:large","max-video-preview":"max-video-preview:-1"},"canonical":"https:\/\/www.leoniparma.it\/fr\/prodotto\/portes-de-cuves-a-charnieres-en-acier-inoxydable\/","og_locale":"fr_FR","og_type":"article","og_title":"Trappe avec charni\u00e8re | Atelier Leoni Parma","og_description":"Portes de cuves \u00e9tanches \u00e0 charni\u00e8res en acier inoxydable pour conteneurs et r\u00e9servoirs industriels. Etanch\u00e9it\u00e9 parfaite et absence de stagnation. Contactez nous d\u00e8s maintenant !","og_url":"https:\/\/www.leoniparma.it\/fr\/prodotto\/portes-de-cuves-a-charnieres-en-acier-inoxydable\/","og_site_name":"Officina Meccanica Leoni","article_modified_time":"2025-07-14T13:32:00+00:00","og_image":[{"width":2560,"height":1920,"url":"https:\/\/www.leoniparma.it\/wp-content\/uploads\/2025\/03\/boccaporto-antiristagno-con-cerniera-O310-chiuso-B-310-AR-scaled.webp","type":"image\/webp"}],"twitter_card":"summary_large_image","schema":{"@context":"https:\/\/schema.org","@graph":[{"@type":"WebPage","@id":"https:\/\/www.leoniparma.it\/fr\/prodotto\/portes-de-cuves-a-charnieres-en-acier-inoxydable\/","url":"https:\/\/www.leoniparma.it\/fr\/prodotto\/portes-de-cuves-a-charnieres-en-acier-inoxydable\/","name":"Trappe avec charni\u00e8re | Atelier Leoni Parma","isPartOf":{"@id":"https:\/\/www.leoniparma.it\/fr\/#website"},"primaryImageOfPage":{"@id":"https:\/\/www.leoniparma.it\/fr\/prodotto\/portes-de-cuves-a-charnieres-en-acier-inoxydable\/#primaryimage"},"image":{"@id":"https:\/\/www.leoniparma.it\/fr\/prodotto\/portes-de-cuves-a-charnieres-en-acier-inoxydable\/#primaryimage"},"thumbnailUrl":"https:\/\/www.leoniparma.it\/wp-content\/uploads\/2025\/03\/boccaporto-antiristagno-con-cerniera-O310-chiuso-B-310-AR-scaled.webp","datePublished":"2025-03-13T10:16:09+00:00","dateModified":"2025-07-14T13:32:00+00:00","description":"Portes de cuves \u00e9tanches \u00e0 charni\u00e8res en acier inoxydable pour conteneurs et r\u00e9servoirs industriels. Etanch\u00e9it\u00e9 parfaite et absence de stagnation. Contactez nous d\u00e8s maintenant !","breadcrumb":{"@id":"https:\/\/www.leoniparma.it\/fr\/prodotto\/portes-de-cuves-a-charnieres-en-acier-inoxydable\/#breadcrumb"},"inLanguage":"fr-FR","potentialAction":[{"@type":"ReadAction","target":["https:\/\/www.leoniparma.it\/fr\/prodotto\/portes-de-cuves-a-charnieres-en-acier-inoxydable\/"]}]},{"@type":"ImageObject","inLanguage":"fr-FR","@id":"https:\/\/www.leoniparma.it\/fr\/prodotto\/portes-de-cuves-a-charnieres-en-acier-inoxydable\/#primaryimage","url":"https:\/\/www.leoniparma.it\/wp-content\/uploads\/2025\/03\/boccaporto-antiristagno-con-cerniera-O310-chiuso-B-310-AR-scaled.webp","contentUrl":"https:\/\/www.leoniparma.it\/wp-content\/uploads\/2025\/03\/boccaporto-antiristagno-con-cerniera-O310-chiuso-B-310-AR-scaled.webp","width":2560,"height":1920,"caption":"trappe de cuves-antiristagno-con-cerniera-O310-chiuso-B-310-AR"},{"@type":"BreadcrumbList","@id":"https:\/\/www.leoniparma.it\/fr\/prodotto\/portes-de-cuves-a-charnieres-en-acier-inoxydable\/#breadcrumb","itemListElement":[{"@type":"ListItem","position":1,"name":"Accueil","item":"https:\/\/www.leoniparma.it\/fr\/"},{"@type":"ListItem","position":2,"name":"Portes de cuves et vannes","item":"https:\/\/www.leoniparma.it\/fr\/categoria-prodotto\/portes-de-cuves-et-vannes\/"},{"@type":"ListItem","position":3,"name":"Portes de cuves \u00e0 charni\u00e8res en acier inoxydable"}]},{"@type":"WebSite","@id":"https:\/\/www.leoniparma.it\/fr\/#website","url":"https:\/\/www.leoniparma.it\/fr\/","name":"Officina Meccanica Leoni","description":"","publisher":{"@id":"https:\/\/www.leoniparma.it\/fr\/#organization"},"potentialAction":[{"@type":"SearchAction","target":{"@type":"EntryPoint","urlTemplate":"https:\/\/www.leoniparma.it\/fr\/?s={search_term_string}"},"query-input":{"@type":"PropertyValueSpecification","valueRequired":true,"valueName":"search_term_string"}}],"inLanguage":"fr-FR"},{"@type":"Organization","@id":"https:\/\/www.leoniparma.it\/fr\/#organization","name":"Officina Meccanica Leoni","url":"https:\/\/www.leoniparma.it\/fr\/","logo":{"@type":"ImageObject","inLanguage":"fr-FR","@id":"https:\/\/www.leoniparma.it\/fr\/#\/schema\/logo\/image\/","url":"https:\/\/www.leoniparma.it\/wp-content\/uploads\/2025\/02\/logo.svg","contentUrl":"https:\/\/www.leoniparma.it\/wp-content\/uploads\/2025\/02\/logo.svg","width":381,"height":232,"caption":"Officina Meccanica Leoni"},"image":{"@id":"https:\/\/www.leoniparma.it\/fr\/#\/schema\/logo\/image\/"},"sameAs":["https:\/\/www.linkedin.com\/company\/leoni-parma-officina\/"]}]}},"_links":{"self":[{"href":"https:\/\/www.leoniparma.it\/fr\/wp-json\/wp\/v2\/product\/4521","targetHints":{"allow":["GET"]}}],"collection":[{"href":"https:\/\/www.leoniparma.it\/fr\/wp-json\/wp\/v2\/product"}],"about":[{"href":"https:\/\/www.leoniparma.it\/fr\/wp-json\/wp\/v2\/types\/product"}],"version-history":[{"count":2,"href":"https:\/\/www.leoniparma.it\/fr\/wp-json\/wp\/v2\/product\/4521\/revisions"}],"predecessor-version":[{"id":5685,"href":"https:\/\/www.leoniparma.it\/fr\/wp-json\/wp\/v2\/product\/4521\/revisions\/5685"}],"wp:featuredmedia":[{"embeddable":true,"href":"https:\/\/www.leoniparma.it\/fr\/wp-json\/wp\/v2\/media\/4525"}],"wp:attachment":[{"href":"https:\/\/www.leoniparma.it\/fr\/wp-json\/wp\/v2\/media?parent=4521"}],"wp:term":[{"taxonomy":"product_brand","embeddable":true,"href":"https:\/\/www.leoniparma.it\/fr\/wp-json\/wp\/v2\/product_brand?post=4521"},{"taxonomy":"product_cat","embeddable":true,"href":"https:\/\/www.leoniparma.it\/fr\/wp-json\/wp\/v2\/product_cat?post=4521"},{"taxonomy":"product_tag","embeddable":true,"href":"https:\/\/www.leoniparma.it\/fr\/wp-json\/wp\/v2\/product_tag?post=4521"}],"curies":[{"name":"wp","href":"https:\/\/api.w.org\/{rel}","templated":true}]}}