{"id":4606,"date":"2025-03-13T10:13:56","date_gmt":"2025-03-13T10:13:56","guid":{"rendered":"https:\/\/www.leoniparma.it\/prodotto\/caniveau-a-fente-en-acier-inoxydable\/"},"modified":"2025-07-14T13:32:41","modified_gmt":"2025-07-14T13:32:41","slug":"caniveau-a-fente-en-acier-inoxydable","status":"publish","type":"product","link":"https:\/\/www.leoniparma.it\/fr\/prodotto\/caniveau-a-fente-en-acier-inoxydable\/","title":{"rendered":"Caniveau \u00e0 fente en acier inoxydable"},"content":{"rendered":"<p>Les caniveaux \u00e0 fente \u00ab Leoni \u00bb sont la solution id\u00e9ale pour le drainage des sols industriels de tout type.<br \/>\nIls sont enti\u00e8rement r\u00e9alis\u00e9s en acier inoxydable AISI 304 ou AISI 316 sur demande.<br \/>\nAssoci\u00e9s \u00e0 des rigoles de collecte de 300x300mm, ils sont faciles \u00e0 laver et \u00e0 inspecter, et les caract\u00e9ristiques d&#8217;hygi\u00e8ne et de nettoyage sont prises en charge conform\u00e9ment aux r\u00e9glementations de l&#8217;UE.<\/p>\n<p>La protection contre les \u00e9gouts sortie est assur\u00e9e par le pi\u00e8ge \u00e0 odeurs et le filtre amovible panier.<br \/>\nLeur structure, gr\u00e2ce \u00e9galement aux boulons d&#8217;ancrage sp\u00e9ciaux dans le b\u00e9ton et au remplissage des bords avec le profil\u00e9 composite, rend caniveau particuli\u00e8rement r\u00e9sistant dans les situations o\u00f9 les charges de flux sont \u00e9lev\u00e9es.<\/p>\n<p>L&#8217;ex\u00e9cution de ces syst\u00e8mes est r\u00e9alis\u00e9e enti\u00e8rement selon les exigences du client avec notre support technique, en fait chaque devis sera fourni avec un dessin avec les principales caract\u00e9ristiques techniques.<br \/>\nDans le cas de livraisons importantes, des longueurs de modules de 5,00 m sont pr\u00e9vues.<\/p>\n<p>Pour optimiser les op\u00e9rations de transport, diff\u00e9rentes pi\u00e8ces de 3,00 et 4,00 m\u00e8tres de long seront assembl\u00e9es en petites livraisons.<br \/>\nL&#8217;assemblage entre les diff\u00e9rents regards et caniveaux est assur\u00e9 par des brides avec des joints en silicone correspondants et un serrage avec des boulons en acier inoxydable qui garantissent l&#8217;\u00e9tanch\u00e9it\u00e9 \u00e0 l&#8217;air.<\/p>\n<p>Le kit d&#8217;assemblage (comprenant les joints en silicone, les boulons et les \u00e9crous en acier inoxydable, ainsi que les cl\u00e9s de serrage) est fourni directement par nous.<br \/>\nAfin de faciliter les op\u00e9rations d&#8217;assemblage, un dessin sera joint au mat\u00e9riel avec une num\u00e9rotation pour la s\u00e9quence d&#8217;assemblage correcte des pi\u00e8ces, qui ont d\u00e9j\u00e0 \u00e9t\u00e9 test\u00e9es dans notre entreprise avant d&#8217;\u00eatre emball\u00e9es.<\/p>\n<p>Sur demande, les tuyaux en acier inoxydable situ\u00e9s sous les caniveaux \u00e0 c\u00e2bles avec les raccords correspondants peuvent \u00eatre ex\u00e9cut\u00e9s.<\/p>\n","protected":false},"excerpt":{"rendered":"<p>Les caniveaux \u00e0 fente \u00ab Leoni \u00bb sont la solution id\u00e9ale pour le drainage des sols industriels de tout type. Ils sont enti\u00e8rement r\u00e9alis\u00e9s en acier inoxydable AISI 304 ou AISI 316 sur demande. Associ\u00e9s \u00e0 des rigoles de collecte de 300x300mm, ils sont faciles \u00e0 laver et \u00e0 inspecter, et les caract\u00e9ristiques d&#8217;hygi\u00e8ne et [&hellip;]<\/p>\n","protected":false},"featured_media":4607,"template":"","meta":{"_acf_changed":false},"product_brand":[],"product_cat":[225,199,196],"product_tag":[],"class_list":{"0":"post-4606","1":"product","2":"type-product","3":"status-publish","4":"has-post-thumbnail","6":"product_cat-caniveaux-fendus-en-acier-inoxydable","7":"product_cat-canal-et-baignoires","8":"product_cat-systemes-de-drainage","10":"first","11":"instock","12":"product-type-simple"},"acf":[],"yoast_head":"<!-- This site is optimized with the Yoast SEO plugin v25.3 - https:\/\/yoast.com\/wordpress\/plugins\/seo\/ -->\n<title>Panneaux rainur\u00e9s en acier inoxydable | Atelier Leoni Parma<\/title>\n<meta name=\"description\" content=\"Caniveaux \u00e0 fente en acier inoxydable Made in Italy. Contactez-nous pour plus d&#039;informations et un devis !\" \/>\n<meta name=\"robots\" content=\"index, follow, max-snippet:-1, max-image-preview:large, max-video-preview:-1\" \/>\n<link rel=\"canonical\" href=\"https:\/\/www.leoniparma.it\/fr\/prodotto\/caniveau-a-fente-en-acier-inoxydable\/\" \/>\n<meta property=\"og:locale\" content=\"fr_FR\" \/>\n<meta property=\"og:type\" content=\"article\" \/>\n<meta property=\"og:title\" content=\"Panneaux rainur\u00e9s en acier inoxydable | Atelier Leoni Parma\" \/>\n<meta property=\"og:description\" content=\"Caniveaux \u00e0 fente en acier inoxydable Made in Italy. Contactez-nous pour plus d&#039;informations et un devis !\" \/>\n<meta property=\"og:url\" content=\"https:\/\/www.leoniparma.it\/fr\/prodotto\/caniveau-a-fente-en-acier-inoxydable\/\" \/>\n<meta property=\"og:site_name\" content=\"Officina Meccanica Leoni\" \/>\n<meta property=\"article:modified_time\" content=\"2025-07-14T13:32:41+00:00\" \/>\n<meta property=\"og:image\" content=\"https:\/\/www.leoniparma.it\/wp-content\/uploads\/2025\/03\/canalina-a-fessura-1-PC.001-scaled.webp\" \/>\n\t<meta property=\"og:image:width\" content=\"2560\" \/>\n\t<meta property=\"og:image:height\" content=\"1920\" \/>\n\t<meta property=\"og:image:type\" content=\"image\/webp\" \/>\n<meta name=\"twitter:card\" content=\"summary_large_image\" \/>\n<meta name=\"twitter:label1\" content=\"Dur\u00e9e de lecture estim\u00e9e\" \/>\n\t<meta name=\"twitter:data1\" content=\"2 minutes\" \/>\n<script type=\"application\/ld+json\" class=\"yoast-schema-graph\">{\"@context\":\"https:\/\/schema.org\",\"@graph\":[{\"@type\":\"WebPage\",\"@id\":\"https:\/\/www.leoniparma.it\/fr\/prodotto\/caniveau-a-fente-en-acier-inoxydable\/\",\"url\":\"https:\/\/www.leoniparma.it\/fr\/prodotto\/caniveau-a-fente-en-acier-inoxydable\/\",\"name\":\"Panneaux rainur\u00e9s en acier inoxydable | Atelier Leoni Parma\",\"isPartOf\":{\"@id\":\"https:\/\/www.leoniparma.it\/fr\/#website\"},\"primaryImageOfPage\":{\"@id\":\"https:\/\/www.leoniparma.it\/fr\/prodotto\/caniveau-a-fente-en-acier-inoxydable\/#primaryimage\"},\"image\":{\"@id\":\"https:\/\/www.leoniparma.it\/fr\/prodotto\/caniveau-a-fente-en-acier-inoxydable\/#primaryimage\"},\"thumbnailUrl\":\"https:\/\/www.leoniparma.it\/wp-content\/uploads\/2025\/03\/canalina-a-fessura-1-PC.001-scaled.webp\",\"datePublished\":\"2025-03-13T10:13:56+00:00\",\"dateModified\":\"2025-07-14T13:32:41+00:00\",\"description\":\"Caniveaux \u00e0 fente en acier inoxydable Made in Italy. Contactez-nous pour plus d'informations et un devis !\",\"breadcrumb\":{\"@id\":\"https:\/\/www.leoniparma.it\/fr\/prodotto\/caniveau-a-fente-en-acier-inoxydable\/#breadcrumb\"},\"inLanguage\":\"fr-FR\",\"potentialAction\":[{\"@type\":\"ReadAction\",\"target\":[\"https:\/\/www.leoniparma.it\/fr\/prodotto\/caniveau-a-fente-en-acier-inoxydable\/\"]}]},{\"@type\":\"ImageObject\",\"inLanguage\":\"fr-FR\",\"@id\":\"https:\/\/www.leoniparma.it\/fr\/prodotto\/caniveau-a-fente-en-acier-inoxydable\/#primaryimage\",\"url\":\"https:\/\/www.leoniparma.it\/wp-content\/uploads\/2025\/03\/canalina-a-fessura-1-PC.001-scaled.webp\",\"contentUrl\":\"https:\/\/www.leoniparma.it\/wp-content\/uploads\/2025\/03\/canalina-a-fessura-1-PC.001-scaled.webp\",\"width\":2560,\"height\":1920},{\"@type\":\"BreadcrumbList\",\"@id\":\"https:\/\/www.leoniparma.it\/fr\/prodotto\/caniveau-a-fente-en-acier-inoxydable\/#breadcrumb\",\"itemListElement\":[{\"@type\":\"ListItem\",\"position\":1,\"name\":\"Accueil\",\"item\":\"https:\/\/www.leoniparma.it\/fr\/\"},{\"@type\":\"ListItem\",\"position\":2,\"name\":\"Syst\u00e8mes de drainage\",\"item\":\"https:\/\/www.leoniparma.it\/fr\/categoria-prodotto\/systemes-de-drainage\/\"},{\"@type\":\"ListItem\",\"position\":3,\"name\":\"Canal et baignoires\",\"item\":\"https:\/\/www.leoniparma.it\/fr\/categoria-prodotto\/systemes-de-drainage\/canal-et-baignoires\/\"},{\"@type\":\"ListItem\",\"position\":4,\"name\":\"Caniveaux fendus en acier inoxydable\",\"item\":\"https:\/\/www.leoniparma.it\/fr\/categoria-prodotto\/systemes-de-drainage\/canal-et-baignoires\/caniveaux-fendus-en-acier-inoxydable\/\"},{\"@type\":\"ListItem\",\"position\":5,\"name\":\"Caniveau \u00e0 fente en acier inoxydable\"}]},{\"@type\":\"WebSite\",\"@id\":\"https:\/\/www.leoniparma.it\/fr\/#website\",\"url\":\"https:\/\/www.leoniparma.it\/fr\/\",\"name\":\"Officina Meccanica Leoni\",\"description\":\"\",\"publisher\":{\"@id\":\"https:\/\/www.leoniparma.it\/fr\/#organization\"},\"potentialAction\":[{\"@type\":\"SearchAction\",\"target\":{\"@type\":\"EntryPoint\",\"urlTemplate\":\"https:\/\/www.leoniparma.it\/fr\/?s={search_term_string}\"},\"query-input\":{\"@type\":\"PropertyValueSpecification\",\"valueRequired\":true,\"valueName\":\"search_term_string\"}}],\"inLanguage\":\"fr-FR\"},{\"@type\":\"Organization\",\"@id\":\"https:\/\/www.leoniparma.it\/fr\/#organization\",\"name\":\"Officina Meccanica Leoni\",\"url\":\"https:\/\/www.leoniparma.it\/fr\/\",\"logo\":{\"@type\":\"ImageObject\",\"inLanguage\":\"fr-FR\",\"@id\":\"https:\/\/www.leoniparma.it\/fr\/#\/schema\/logo\/image\/\",\"url\":\"https:\/\/www.leoniparma.it\/wp-content\/uploads\/2025\/02\/logo.svg\",\"contentUrl\":\"https:\/\/www.leoniparma.it\/wp-content\/uploads\/2025\/02\/logo.svg\",\"width\":381,\"height\":232,\"caption\":\"Officina Meccanica Leoni\"},\"image\":{\"@id\":\"https:\/\/www.leoniparma.it\/fr\/#\/schema\/logo\/image\/\"},\"sameAs\":[\"https:\/\/www.linkedin.com\/company\/leoni-parma-officina\/\"]}]}<\/script>\n<!-- \/ Yoast SEO plugin. -->","yoast_head_json":{"title":"Panneaux rainur\u00e9s en acier inoxydable | Atelier Leoni Parma","description":"Caniveaux \u00e0 fente en acier inoxydable Made in Italy. Contactez-nous pour plus d'informations et un devis !","robots":{"index":"index","follow":"follow","max-snippet":"max-snippet:-1","max-image-preview":"max-image-preview:large","max-video-preview":"max-video-preview:-1"},"canonical":"https:\/\/www.leoniparma.it\/fr\/prodotto\/caniveau-a-fente-en-acier-inoxydable\/","og_locale":"fr_FR","og_type":"article","og_title":"Panneaux rainur\u00e9s en acier inoxydable | Atelier Leoni Parma","og_description":"Caniveaux \u00e0 fente en acier inoxydable Made in Italy. Contactez-nous pour plus d'informations et un devis !","og_url":"https:\/\/www.leoniparma.it\/fr\/prodotto\/caniveau-a-fente-en-acier-inoxydable\/","og_site_name":"Officina Meccanica Leoni","article_modified_time":"2025-07-14T13:32:41+00:00","og_image":[{"width":2560,"height":1920,"url":"https:\/\/www.leoniparma.it\/wp-content\/uploads\/2025\/03\/canalina-a-fessura-1-PC.001-scaled.webp","type":"image\/webp"}],"twitter_card":"summary_large_image","twitter_misc":{"Dur\u00e9e de lecture estim\u00e9e":"2 minutes"},"schema":{"@context":"https:\/\/schema.org","@graph":[{"@type":"WebPage","@id":"https:\/\/www.leoniparma.it\/fr\/prodotto\/caniveau-a-fente-en-acier-inoxydable\/","url":"https:\/\/www.leoniparma.it\/fr\/prodotto\/caniveau-a-fente-en-acier-inoxydable\/","name":"Panneaux rainur\u00e9s en acier inoxydable | Atelier Leoni Parma","isPartOf":{"@id":"https:\/\/www.leoniparma.it\/fr\/#website"},"primaryImageOfPage":{"@id":"https:\/\/www.leoniparma.it\/fr\/prodotto\/caniveau-a-fente-en-acier-inoxydable\/#primaryimage"},"image":{"@id":"https:\/\/www.leoniparma.it\/fr\/prodotto\/caniveau-a-fente-en-acier-inoxydable\/#primaryimage"},"thumbnailUrl":"https:\/\/www.leoniparma.it\/wp-content\/uploads\/2025\/03\/canalina-a-fessura-1-PC.001-scaled.webp","datePublished":"2025-03-13T10:13:56+00:00","dateModified":"2025-07-14T13:32:41+00:00","description":"Caniveaux \u00e0 fente en acier inoxydable Made in Italy. Contactez-nous pour plus d'informations et un devis !","breadcrumb":{"@id":"https:\/\/www.leoniparma.it\/fr\/prodotto\/caniveau-a-fente-en-acier-inoxydable\/#breadcrumb"},"inLanguage":"fr-FR","potentialAction":[{"@type":"ReadAction","target":["https:\/\/www.leoniparma.it\/fr\/prodotto\/caniveau-a-fente-en-acier-inoxydable\/"]}]},{"@type":"ImageObject","inLanguage":"fr-FR","@id":"https:\/\/www.leoniparma.it\/fr\/prodotto\/caniveau-a-fente-en-acier-inoxydable\/#primaryimage","url":"https:\/\/www.leoniparma.it\/wp-content\/uploads\/2025\/03\/canalina-a-fessura-1-PC.001-scaled.webp","contentUrl":"https:\/\/www.leoniparma.it\/wp-content\/uploads\/2025\/03\/canalina-a-fessura-1-PC.001-scaled.webp","width":2560,"height":1920},{"@type":"BreadcrumbList","@id":"https:\/\/www.leoniparma.it\/fr\/prodotto\/caniveau-a-fente-en-acier-inoxydable\/#breadcrumb","itemListElement":[{"@type":"ListItem","position":1,"name":"Accueil","item":"https:\/\/www.leoniparma.it\/fr\/"},{"@type":"ListItem","position":2,"name":"Syst\u00e8mes de drainage","item":"https:\/\/www.leoniparma.it\/fr\/categoria-prodotto\/systemes-de-drainage\/"},{"@type":"ListItem","position":3,"name":"Canal et baignoires","item":"https:\/\/www.leoniparma.it\/fr\/categoria-prodotto\/systemes-de-drainage\/canal-et-baignoires\/"},{"@type":"ListItem","position":4,"name":"Caniveaux fendus en acier inoxydable","item":"https:\/\/www.leoniparma.it\/fr\/categoria-prodotto\/systemes-de-drainage\/canal-et-baignoires\/caniveaux-fendus-en-acier-inoxydable\/"},{"@type":"ListItem","position":5,"name":"Caniveau \u00e0 fente en acier inoxydable"}]},{"@type":"WebSite","@id":"https:\/\/www.leoniparma.it\/fr\/#website","url":"https:\/\/www.leoniparma.it\/fr\/","name":"Officina Meccanica Leoni","description":"","publisher":{"@id":"https:\/\/www.leoniparma.it\/fr\/#organization"},"potentialAction":[{"@type":"SearchAction","target":{"@type":"EntryPoint","urlTemplate":"https:\/\/www.leoniparma.it\/fr\/?s={search_term_string}"},"query-input":{"@type":"PropertyValueSpecification","valueRequired":true,"valueName":"search_term_string"}}],"inLanguage":"fr-FR"},{"@type":"Organization","@id":"https:\/\/www.leoniparma.it\/fr\/#organization","name":"Officina Meccanica Leoni","url":"https:\/\/www.leoniparma.it\/fr\/","logo":{"@type":"ImageObject","inLanguage":"fr-FR","@id":"https:\/\/www.leoniparma.it\/fr\/#\/schema\/logo\/image\/","url":"https:\/\/www.leoniparma.it\/wp-content\/uploads\/2025\/02\/logo.svg","contentUrl":"https:\/\/www.leoniparma.it\/wp-content\/uploads\/2025\/02\/logo.svg","width":381,"height":232,"caption":"Officina Meccanica Leoni"},"image":{"@id":"https:\/\/www.leoniparma.it\/fr\/#\/schema\/logo\/image\/"},"sameAs":["https:\/\/www.linkedin.com\/company\/leoni-parma-officina\/"]}]}},"_links":{"self":[{"href":"https:\/\/www.leoniparma.it\/fr\/wp-json\/wp\/v2\/product\/4606","targetHints":{"allow":["GET"]}}],"collection":[{"href":"https:\/\/www.leoniparma.it\/fr\/wp-json\/wp\/v2\/product"}],"about":[{"href":"https:\/\/www.leoniparma.it\/fr\/wp-json\/wp\/v2\/types\/product"}],"version-history":[{"count":2,"href":"https:\/\/www.leoniparma.it\/fr\/wp-json\/wp\/v2\/product\/4606\/revisions"}],"predecessor-version":[{"id":5695,"href":"https:\/\/www.leoniparma.it\/fr\/wp-json\/wp\/v2\/product\/4606\/revisions\/5695"}],"wp:featuredmedia":[{"embeddable":true,"href":"https:\/\/www.leoniparma.it\/fr\/wp-json\/wp\/v2\/media\/4607"}],"wp:attachment":[{"href":"https:\/\/www.leoniparma.it\/fr\/wp-json\/wp\/v2\/media?parent=4606"}],"wp:term":[{"taxonomy":"product_brand","embeddable":true,"href":"https:\/\/www.leoniparma.it\/fr\/wp-json\/wp\/v2\/product_brand?post=4606"},{"taxonomy":"product_cat","embeddable":true,"href":"https:\/\/www.leoniparma.it\/fr\/wp-json\/wp\/v2\/product_cat?post=4606"},{"taxonomy":"product_tag","embeddable":true,"href":"https:\/\/www.leoniparma.it\/fr\/wp-json\/wp\/v2\/product_tag?post=4606"}],"curies":[{"name":"wp","href":"https:\/\/api.w.org\/{rel}","templated":true}]}}