{"id":4623,"date":"2025-03-13T10:13:56","date_gmt":"2025-03-13T10:13:56","guid":{"rendered":"https:\/\/www.leoniparma.it\/prodotto\/siphon-a-simple-obturation-avec-sortie-horizontale-et-caniveau-a-fente\/"},"modified":"2025-07-23T13:08:09","modified_gmt":"2025-07-23T13:08:09","slug":"siphon-a-simple-obturation-avec-sortie-horizontale-et-caniveau-a-fente","status":"publish","type":"product","link":"https:\/\/www.leoniparma.it\/fr\/prodotto\/siphon-a-simple-obturation-avec-sortie-horizontale-et-caniveau-a-fente\/","title":{"rendered":"Siphon de trou d&#8217;homme monobloc avec sortie horizontale et canal \u00e0 fentes"},"content":{"rendered":"<p>Toutes les r\u00e9alisations sont ex\u00e9cut\u00e9es selon les souhaits du client, de sorte que les param\u00e8tres tels que la longueur et la hauteur de caniveau, la position de sortes et la largeur de la fente ne sont en aucun cas contraignants.<\/p>\n<p>Sur demande, toutes les r\u00e9alisations peuvent \u00eatre \u00e9quip\u00e9es de pieds r\u00e9glables pour le positionnement et la mise \u00e0 niveau.<\/p>\n","protected":false},"excerpt":{"rendered":"<p>Toutes les r\u00e9alisations sont ex\u00e9cut\u00e9es selon les souhaits du client, de sorte que les param\u00e8tres tels que la longueur et la hauteur de caniveau, la position de sortes et la largeur de la fente ne sont en aucun cas contraignants. Sur demande, toutes les r\u00e9alisations peuvent \u00eatre \u00e9quip\u00e9es de pieds r\u00e9glables pour le positionnement et [&hellip;]<\/p>\n","protected":false},"featured_media":4624,"template":"","meta":{"_acf_changed":false},"product_brand":[],"product_cat":[225,199,196],"product_tag":[],"class_list":{"0":"post-4623","1":"product","2":"type-product","3":"status-publish","4":"has-post-thumbnail","6":"product_cat-caniveaux-fendus-en-acier-inoxydable","7":"product_cat-canal-et-baignoires","8":"product_cat-systemes-de-drainage","10":"first","11":"instock","12":"product-type-simple"},"acf":[],"yoast_head":"<!-- This site is optimized with the Yoast SEO plugin v25.3 - https:\/\/yoast.com\/wordpress\/plugins\/seo\/ -->\n<title>Siphon de trou d&#039;homme monobloc avec sortie horizontale et canal \u00e0 fentes<\/title>\n<meta name=\"description\" content=\"Siphon de trou d&#039;homme \u00e0 une extr\u00e9mit\u00e9 avec sortie horizontale et canal \u00e0 fentes. Contactez-nous pour plus d&#039;informations et un devis !\" \/>\n<meta name=\"robots\" content=\"index, follow, max-snippet:-1, max-image-preview:large, max-video-preview:-1\" \/>\n<link rel=\"canonical\" href=\"https:\/\/www.leoniparma.it\/fr\/prodotto\/siphon-a-simple-obturation-avec-sortie-horizontale-et-caniveau-a-fente\/\" \/>\n<meta property=\"og:locale\" content=\"fr_FR\" \/>\n<meta property=\"og:type\" content=\"article\" \/>\n<meta property=\"og:title\" content=\"Siphon de trou d&#039;homme monobloc avec sortie horizontale et canal \u00e0 fentes\" \/>\n<meta property=\"og:description\" content=\"Siphon de trou d&#039;homme \u00e0 une extr\u00e9mit\u00e9 avec sortie horizontale et canal \u00e0 fentes. Contactez-nous pour plus d&#039;informations et un devis !\" \/>\n<meta property=\"og:url\" content=\"https:\/\/www.leoniparma.it\/fr\/prodotto\/siphon-a-simple-obturation-avec-sortie-horizontale-et-caniveau-a-fente\/\" \/>\n<meta property=\"og:site_name\" content=\"Officina Meccanica Leoni\" \/>\n<meta property=\"article:modified_time\" content=\"2025-07-23T13:08:09+00:00\" \/>\n<meta property=\"og:image\" content=\"https:\/\/www.leoniparma.it\/wp-content\/uploads\/2025\/03\/chiusino-singolo-innesto-scarico-orizzontale-per-canalina-a-fessura-PC.002L.webp\" \/>\n\t<meta property=\"og:image:width\" content=\"2458\" \/>\n\t<meta property=\"og:image:height\" content=\"1862\" \/>\n\t<meta property=\"og:image:type\" content=\"image\/webp\" \/>\n<meta name=\"twitter:card\" content=\"summary_large_image\" \/>\n<script type=\"application\/ld+json\" class=\"yoast-schema-graph\">{\"@context\":\"https:\/\/schema.org\",\"@graph\":[{\"@type\":\"WebPage\",\"@id\":\"https:\/\/www.leoniparma.it\/fr\/prodotto\/siphon-a-simple-obturation-avec-sortie-horizontale-et-caniveau-a-fente\/\",\"url\":\"https:\/\/www.leoniparma.it\/fr\/prodotto\/siphon-a-simple-obturation-avec-sortie-horizontale-et-caniveau-a-fente\/\",\"name\":\"Siphon de trou d'homme monobloc avec sortie horizontale et canal \u00e0 fentes\",\"isPartOf\":{\"@id\":\"https:\/\/www.leoniparma.it\/fr\/#website\"},\"primaryImageOfPage\":{\"@id\":\"https:\/\/www.leoniparma.it\/fr\/prodotto\/siphon-a-simple-obturation-avec-sortie-horizontale-et-caniveau-a-fente\/#primaryimage\"},\"image\":{\"@id\":\"https:\/\/www.leoniparma.it\/fr\/prodotto\/siphon-a-simple-obturation-avec-sortie-horizontale-et-caniveau-a-fente\/#primaryimage\"},\"thumbnailUrl\":\"https:\/\/www.leoniparma.it\/wp-content\/uploads\/2025\/03\/chiusino-singolo-innesto-scarico-orizzontale-per-canalina-a-fessura-PC.002L.webp\",\"datePublished\":\"2025-03-13T10:13:56+00:00\",\"dateModified\":\"2025-07-23T13:08:09+00:00\",\"description\":\"Siphon de trou d'homme \u00e0 une extr\u00e9mit\u00e9 avec sortie horizontale et canal \u00e0 fentes. Contactez-nous pour plus d'informations et un devis !\",\"breadcrumb\":{\"@id\":\"https:\/\/www.leoniparma.it\/fr\/prodotto\/siphon-a-simple-obturation-avec-sortie-horizontale-et-caniveau-a-fente\/#breadcrumb\"},\"inLanguage\":\"fr-FR\",\"potentialAction\":[{\"@type\":\"ReadAction\",\"target\":[\"https:\/\/www.leoniparma.it\/fr\/prodotto\/siphon-a-simple-obturation-avec-sortie-horizontale-et-caniveau-a-fente\/\"]}]},{\"@type\":\"ImageObject\",\"inLanguage\":\"fr-FR\",\"@id\":\"https:\/\/www.leoniparma.it\/fr\/prodotto\/siphon-a-simple-obturation-avec-sortie-horizontale-et-caniveau-a-fente\/#primaryimage\",\"url\":\"https:\/\/www.leoniparma.it\/wp-content\/uploads\/2025\/03\/chiusino-singolo-innesto-scarico-orizzontale-per-canalina-a-fessura-PC.002L.webp\",\"contentUrl\":\"https:\/\/www.leoniparma.it\/wp-content\/uploads\/2025\/03\/chiusino-singolo-innesto-scarico-orizzontale-per-canalina-a-fessura-PC.002L.webp\",\"width\":2458,\"height\":1862},{\"@type\":\"BreadcrumbList\",\"@id\":\"https:\/\/www.leoniparma.it\/fr\/prodotto\/siphon-a-simple-obturation-avec-sortie-horizontale-et-caniveau-a-fente\/#breadcrumb\",\"itemListElement\":[{\"@type\":\"ListItem\",\"position\":1,\"name\":\"Accueil\",\"item\":\"https:\/\/www.leoniparma.it\/fr\/\"},{\"@type\":\"ListItem\",\"position\":2,\"name\":\"Syst\u00e8mes de drainage\",\"item\":\"https:\/\/www.leoniparma.it\/fr\/categoria-prodotto\/systemes-de-drainage\/\"},{\"@type\":\"ListItem\",\"position\":3,\"name\":\"Canal et baignoires\",\"item\":\"https:\/\/www.leoniparma.it\/fr\/categoria-prodotto\/systemes-de-drainage\/canal-et-baignoires\/\"},{\"@type\":\"ListItem\",\"position\":4,\"name\":\"Caniveaux fendus en acier inoxydable\",\"item\":\"https:\/\/www.leoniparma.it\/fr\/categoria-prodotto\/systemes-de-drainage\/canal-et-baignoires\/caniveaux-fendus-en-acier-inoxydable\/\"},{\"@type\":\"ListItem\",\"position\":5,\"name\":\"Siphon de trou d&#8217;homme monobloc avec sortie horizontale et canal \u00e0 fentes\"}]},{\"@type\":\"WebSite\",\"@id\":\"https:\/\/www.leoniparma.it\/fr\/#website\",\"url\":\"https:\/\/www.leoniparma.it\/fr\/\",\"name\":\"Officina Meccanica Leoni\",\"description\":\"\",\"publisher\":{\"@id\":\"https:\/\/www.leoniparma.it\/fr\/#organization\"},\"potentialAction\":[{\"@type\":\"SearchAction\",\"target\":{\"@type\":\"EntryPoint\",\"urlTemplate\":\"https:\/\/www.leoniparma.it\/fr\/?s={search_term_string}\"},\"query-input\":{\"@type\":\"PropertyValueSpecification\",\"valueRequired\":true,\"valueName\":\"search_term_string\"}}],\"inLanguage\":\"fr-FR\"},{\"@type\":\"Organization\",\"@id\":\"https:\/\/www.leoniparma.it\/fr\/#organization\",\"name\":\"Officina Meccanica Leoni\",\"url\":\"https:\/\/www.leoniparma.it\/fr\/\",\"logo\":{\"@type\":\"ImageObject\",\"inLanguage\":\"fr-FR\",\"@id\":\"https:\/\/www.leoniparma.it\/fr\/#\/schema\/logo\/image\/\",\"url\":\"https:\/\/www.leoniparma.it\/wp-content\/uploads\/2025\/02\/logo.svg\",\"contentUrl\":\"https:\/\/www.leoniparma.it\/wp-content\/uploads\/2025\/02\/logo.svg\",\"width\":381,\"height\":232,\"caption\":\"Officina Meccanica Leoni\"},\"image\":{\"@id\":\"https:\/\/www.leoniparma.it\/fr\/#\/schema\/logo\/image\/\"},\"sameAs\":[\"https:\/\/www.linkedin.com\/company\/leoni-parma-officina\/\"]}]}<\/script>\n<!-- \/ Yoast SEO plugin. -->","yoast_head_json":{"title":"Siphon de trou d'homme monobloc avec sortie horizontale et canal \u00e0 fentes","description":"Siphon de trou d'homme \u00e0 une extr\u00e9mit\u00e9 avec sortie horizontale et canal \u00e0 fentes. Contactez-nous pour plus d'informations et un devis !","robots":{"index":"index","follow":"follow","max-snippet":"max-snippet:-1","max-image-preview":"max-image-preview:large","max-video-preview":"max-video-preview:-1"},"canonical":"https:\/\/www.leoniparma.it\/fr\/prodotto\/siphon-a-simple-obturation-avec-sortie-horizontale-et-caniveau-a-fente\/","og_locale":"fr_FR","og_type":"article","og_title":"Siphon de trou d'homme monobloc avec sortie horizontale et canal \u00e0 fentes","og_description":"Siphon de trou d'homme \u00e0 une extr\u00e9mit\u00e9 avec sortie horizontale et canal \u00e0 fentes. Contactez-nous pour plus d'informations et un devis !","og_url":"https:\/\/www.leoniparma.it\/fr\/prodotto\/siphon-a-simple-obturation-avec-sortie-horizontale-et-caniveau-a-fente\/","og_site_name":"Officina Meccanica Leoni","article_modified_time":"2025-07-23T13:08:09+00:00","og_image":[{"width":2458,"height":1862,"url":"https:\/\/www.leoniparma.it\/wp-content\/uploads\/2025\/03\/chiusino-singolo-innesto-scarico-orizzontale-per-canalina-a-fessura-PC.002L.webp","type":"image\/webp"}],"twitter_card":"summary_large_image","schema":{"@context":"https:\/\/schema.org","@graph":[{"@type":"WebPage","@id":"https:\/\/www.leoniparma.it\/fr\/prodotto\/siphon-a-simple-obturation-avec-sortie-horizontale-et-caniveau-a-fente\/","url":"https:\/\/www.leoniparma.it\/fr\/prodotto\/siphon-a-simple-obturation-avec-sortie-horizontale-et-caniveau-a-fente\/","name":"Siphon de trou d'homme monobloc avec sortie horizontale et canal \u00e0 fentes","isPartOf":{"@id":"https:\/\/www.leoniparma.it\/fr\/#website"},"primaryImageOfPage":{"@id":"https:\/\/www.leoniparma.it\/fr\/prodotto\/siphon-a-simple-obturation-avec-sortie-horizontale-et-caniveau-a-fente\/#primaryimage"},"image":{"@id":"https:\/\/www.leoniparma.it\/fr\/prodotto\/siphon-a-simple-obturation-avec-sortie-horizontale-et-caniveau-a-fente\/#primaryimage"},"thumbnailUrl":"https:\/\/www.leoniparma.it\/wp-content\/uploads\/2025\/03\/chiusino-singolo-innesto-scarico-orizzontale-per-canalina-a-fessura-PC.002L.webp","datePublished":"2025-03-13T10:13:56+00:00","dateModified":"2025-07-23T13:08:09+00:00","description":"Siphon de trou d'homme \u00e0 une extr\u00e9mit\u00e9 avec sortie horizontale et canal \u00e0 fentes. Contactez-nous pour plus d'informations et un devis !","breadcrumb":{"@id":"https:\/\/www.leoniparma.it\/fr\/prodotto\/siphon-a-simple-obturation-avec-sortie-horizontale-et-caniveau-a-fente\/#breadcrumb"},"inLanguage":"fr-FR","potentialAction":[{"@type":"ReadAction","target":["https:\/\/www.leoniparma.it\/fr\/prodotto\/siphon-a-simple-obturation-avec-sortie-horizontale-et-caniveau-a-fente\/"]}]},{"@type":"ImageObject","inLanguage":"fr-FR","@id":"https:\/\/www.leoniparma.it\/fr\/prodotto\/siphon-a-simple-obturation-avec-sortie-horizontale-et-caniveau-a-fente\/#primaryimage","url":"https:\/\/www.leoniparma.it\/wp-content\/uploads\/2025\/03\/chiusino-singolo-innesto-scarico-orizzontale-per-canalina-a-fessura-PC.002L.webp","contentUrl":"https:\/\/www.leoniparma.it\/wp-content\/uploads\/2025\/03\/chiusino-singolo-innesto-scarico-orizzontale-per-canalina-a-fessura-PC.002L.webp","width":2458,"height":1862},{"@type":"BreadcrumbList","@id":"https:\/\/www.leoniparma.it\/fr\/prodotto\/siphon-a-simple-obturation-avec-sortie-horizontale-et-caniveau-a-fente\/#breadcrumb","itemListElement":[{"@type":"ListItem","position":1,"name":"Accueil","item":"https:\/\/www.leoniparma.it\/fr\/"},{"@type":"ListItem","position":2,"name":"Syst\u00e8mes de drainage","item":"https:\/\/www.leoniparma.it\/fr\/categoria-prodotto\/systemes-de-drainage\/"},{"@type":"ListItem","position":3,"name":"Canal et baignoires","item":"https:\/\/www.leoniparma.it\/fr\/categoria-prodotto\/systemes-de-drainage\/canal-et-baignoires\/"},{"@type":"ListItem","position":4,"name":"Caniveaux fendus en acier inoxydable","item":"https:\/\/www.leoniparma.it\/fr\/categoria-prodotto\/systemes-de-drainage\/canal-et-baignoires\/caniveaux-fendus-en-acier-inoxydable\/"},{"@type":"ListItem","position":5,"name":"Siphon de trou d&#8217;homme monobloc avec sortie horizontale et canal \u00e0 fentes"}]},{"@type":"WebSite","@id":"https:\/\/www.leoniparma.it\/fr\/#website","url":"https:\/\/www.leoniparma.it\/fr\/","name":"Officina Meccanica Leoni","description":"","publisher":{"@id":"https:\/\/www.leoniparma.it\/fr\/#organization"},"potentialAction":[{"@type":"SearchAction","target":{"@type":"EntryPoint","urlTemplate":"https:\/\/www.leoniparma.it\/fr\/?s={search_term_string}"},"query-input":{"@type":"PropertyValueSpecification","valueRequired":true,"valueName":"search_term_string"}}],"inLanguage":"fr-FR"},{"@type":"Organization","@id":"https:\/\/www.leoniparma.it\/fr\/#organization","name":"Officina Meccanica Leoni","url":"https:\/\/www.leoniparma.it\/fr\/","logo":{"@type":"ImageObject","inLanguage":"fr-FR","@id":"https:\/\/www.leoniparma.it\/fr\/#\/schema\/logo\/image\/","url":"https:\/\/www.leoniparma.it\/wp-content\/uploads\/2025\/02\/logo.svg","contentUrl":"https:\/\/www.leoniparma.it\/wp-content\/uploads\/2025\/02\/logo.svg","width":381,"height":232,"caption":"Officina Meccanica Leoni"},"image":{"@id":"https:\/\/www.leoniparma.it\/fr\/#\/schema\/logo\/image\/"},"sameAs":["https:\/\/www.linkedin.com\/company\/leoni-parma-officina\/"]}]}},"_links":{"self":[{"href":"https:\/\/www.leoniparma.it\/fr\/wp-json\/wp\/v2\/product\/4623","targetHints":{"allow":["GET"]}}],"collection":[{"href":"https:\/\/www.leoniparma.it\/fr\/wp-json\/wp\/v2\/product"}],"about":[{"href":"https:\/\/www.leoniparma.it\/fr\/wp-json\/wp\/v2\/types\/product"}],"version-history":[{"count":3,"href":"https:\/\/www.leoniparma.it\/fr\/wp-json\/wp\/v2\/product\/4623\/revisions"}],"predecessor-version":[{"id":5872,"href":"https:\/\/www.leoniparma.it\/fr\/wp-json\/wp\/v2\/product\/4623\/revisions\/5872"}],"wp:featuredmedia":[{"embeddable":true,"href":"https:\/\/www.leoniparma.it\/fr\/wp-json\/wp\/v2\/media\/4624"}],"wp:attachment":[{"href":"https:\/\/www.leoniparma.it\/fr\/wp-json\/wp\/v2\/media?parent=4623"}],"wp:term":[{"taxonomy":"product_brand","embeddable":true,"href":"https:\/\/www.leoniparma.it\/fr\/wp-json\/wp\/v2\/product_brand?post=4623"},{"taxonomy":"product_cat","embeddable":true,"href":"https:\/\/www.leoniparma.it\/fr\/wp-json\/wp\/v2\/product_cat?post=4623"},{"taxonomy":"product_tag","embeddable":true,"href":"https:\/\/www.leoniparma.it\/fr\/wp-json\/wp\/v2\/product_tag?post=4623"}],"curies":[{"name":"wp","href":"https:\/\/api.w.org\/{rel}","templated":true}]}}