{"id":4639,"date":"2025-03-13T10:13:56","date_gmt":"2025-03-13T10:13:56","guid":{"rendered":"https:\/\/www.leoniparma.it\/prodotto\/canal-avec-grille-en-acier-inoxydable\/"},"modified":"2025-07-23T15:07:53","modified_gmt":"2025-07-23T15:07:53","slug":"canal-avec-grille-en-acier-inoxydable","status":"publish","type":"product","link":"https:\/\/www.leoniparma.it\/fr\/prodotto\/canal-avec-grille-en-acier-inoxydable\/","title":{"rendered":"Canal avec grille en acier inoxydable"},"content":{"rendered":"<p>Les couverture \u00e0 grille &#8220;Leoni&#8221; sont particuli\u00e8rement adapt\u00e9s aux situations o\u00f9 il est n\u00e9cessaire d&#8217;\u00e9vacuer de grandes quantit\u00e9s d&#8217;eau en un temps relativement court ; des sortes de tr\u00e8s grand diam\u00e8tre peuvent \u00e9galement \u00eatre appliqu\u00e9s \u00e0 ces \u00e9l\u00e9ments.<\/p>\n<p>Ils sont enti\u00e8rement r\u00e9alis\u00e9s en acier inoxydable AISI 304 ou, sur demande, en AISI 316.<br \/>\nLes sortes enti\u00e8rement inspectables, siphonn\u00e9es et dot\u00e9es d&#8217;un panier filtrant sont parfaitement int\u00e9gr\u00e9es dans le canal lui-m\u00eame.<\/p>\n<p>Pour les grandes livraisons, on pr\u00e9voit des longueurs de 6,00 m\u00e8tres pour les diff\u00e9rents modules.<br \/>\nPour les petites livraisons, afin d&#8217;optimiser les op\u00e9rations de transport, on pr\u00e9voit l&#8217;assemblage des diff\u00e9rentes pi\u00e8ces avec une longueur maximale de 3,00 et 4,00 m\u00e8tres.<br \/>\nL&#8217;assemblage entre les diff\u00e9rents puisards et caniveaux est pr\u00e9vu en utilisant des brides avec des joints en silicone relatifs et un serrage avec des boulons en acier inoxydable qui garantissent l&#8217;\u00e9tanch\u00e9it\u00e9 \u00e0 l&#8217;air.<\/p>\n<p>Pour faciliter les op\u00e9rations d&#8217;installation, un dessin sera joint au mat\u00e9riel avec une num\u00e9rotation pour une s\u00e9quence d&#8217;assemblage correcte des pi\u00e8ces, qui ont d\u00e9j\u00e0 \u00e9t\u00e9 test\u00e9es dans l&#8217;entreprise avant d&#8217;\u00eatre emball\u00e9es.<\/p>\n","protected":false},"excerpt":{"rendered":"<p>Les couverture \u00e0 grille &#8220;Leoni&#8221; sont particuli\u00e8rement adapt\u00e9s aux situations o\u00f9 il est n\u00e9cessaire d&#8217;\u00e9vacuer de grandes quantit\u00e9s d&#8217;eau en un temps relativement court ; des sortes de tr\u00e8s grand diam\u00e8tre peuvent \u00e9galement \u00eatre appliqu\u00e9s \u00e0 ces \u00e9l\u00e9ments. Ils sont enti\u00e8rement r\u00e9alis\u00e9s en acier inoxydable AISI 304 ou, sur demande, en AISI 316. Les sortes [&hellip;]<\/p>\n","protected":false},"featured_media":4640,"template":"","meta":{"_acf_changed":false},"product_brand":[],"product_cat":[199,196,227],"product_tag":[],"class_list":{"0":"post-4639","1":"product","2":"type-product","3":"status-publish","4":"has-post-thumbnail","6":"product_cat-canal-et-baignoires","7":"product_cat-systemes-de-drainage","8":"product_cat-canaux-avec-grille","10":"first","11":"instock","12":"product-type-simple"},"acf":[],"yoast_head":"<!-- This site is optimized with the Yoast SEO plugin v25.3 - https:\/\/yoast.com\/wordpress\/plugins\/seo\/ -->\n<title>Canaux avec grille en acier inoxydable | Officina Leoni Parma<\/title>\n<meta name=\"description\" content=\"Canaux avec grille en acier inoxydable Made in Italy. Contactez-nous pour plus d&#039;informations et un devis !\" \/>\n<meta name=\"robots\" content=\"index, follow, max-snippet:-1, max-image-preview:large, max-video-preview:-1\" \/>\n<link rel=\"canonical\" href=\"https:\/\/www.leoniparma.it\/fr\/prodotto\/canal-avec-grille-en-acier-inoxydable\/\" \/>\n<meta property=\"og:locale\" content=\"fr_FR\" \/>\n<meta property=\"og:type\" content=\"article\" \/>\n<meta property=\"og:title\" content=\"Canaux avec grille en acier inoxydable | Officina Leoni Parma\" \/>\n<meta property=\"og:description\" content=\"Canaux avec grille en acier inoxydable Made in Italy. Contactez-nous pour plus d&#039;informations et un devis !\" \/>\n<meta property=\"og:url\" content=\"https:\/\/www.leoniparma.it\/fr\/prodotto\/canal-avec-grille-en-acier-inoxydable\/\" \/>\n<meta property=\"og:site_name\" content=\"Officina Meccanica Leoni\" \/>\n<meta property=\"article:modified_time\" content=\"2025-07-23T15:07:53+00:00\" \/>\n<meta property=\"og:image\" content=\"https:\/\/www.leoniparma.it\/wp-content\/uploads\/2025\/03\/canale-con-griglia-scarico-laterale-orizzontale-\u2013-PC.024L-scaled.webp\" \/>\n\t<meta property=\"og:image:width\" content=\"2560\" \/>\n\t<meta property=\"og:image:height\" content=\"1868\" \/>\n\t<meta property=\"og:image:type\" content=\"image\/webp\" \/>\n<meta name=\"twitter:card\" content=\"summary_large_image\" \/>\n<meta name=\"twitter:label1\" content=\"Dur\u00e9e de lecture estim\u00e9e\" \/>\n\t<meta name=\"twitter:data1\" content=\"1 minute\" \/>\n<script type=\"application\/ld+json\" class=\"yoast-schema-graph\">{\"@context\":\"https:\/\/schema.org\",\"@graph\":[{\"@type\":\"WebPage\",\"@id\":\"https:\/\/www.leoniparma.it\/fr\/prodotto\/canal-avec-grille-en-acier-inoxydable\/\",\"url\":\"https:\/\/www.leoniparma.it\/fr\/prodotto\/canal-avec-grille-en-acier-inoxydable\/\",\"name\":\"Canaux avec grille en acier inoxydable | Officina Leoni Parma\",\"isPartOf\":{\"@id\":\"https:\/\/www.leoniparma.it\/fr\/#website\"},\"primaryImageOfPage\":{\"@id\":\"https:\/\/www.leoniparma.it\/fr\/prodotto\/canal-avec-grille-en-acier-inoxydable\/#primaryimage\"},\"image\":{\"@id\":\"https:\/\/www.leoniparma.it\/fr\/prodotto\/canal-avec-grille-en-acier-inoxydable\/#primaryimage\"},\"thumbnailUrl\":\"https:\/\/www.leoniparma.it\/wp-content\/uploads\/2025\/03\/canale-con-griglia-scarico-laterale-orizzontale-\u2013-PC.024L-scaled.webp\",\"datePublished\":\"2025-03-13T10:13:56+00:00\",\"dateModified\":\"2025-07-23T15:07:53+00:00\",\"description\":\"Canaux avec grille en acier inoxydable Made in Italy. Contactez-nous pour plus d'informations et un devis !\",\"breadcrumb\":{\"@id\":\"https:\/\/www.leoniparma.it\/fr\/prodotto\/canal-avec-grille-en-acier-inoxydable\/#breadcrumb\"},\"inLanguage\":\"fr-FR\",\"potentialAction\":[{\"@type\":\"ReadAction\",\"target\":[\"https:\/\/www.leoniparma.it\/fr\/prodotto\/canal-avec-grille-en-acier-inoxydable\/\"]}]},{\"@type\":\"ImageObject\",\"inLanguage\":\"fr-FR\",\"@id\":\"https:\/\/www.leoniparma.it\/fr\/prodotto\/canal-avec-grille-en-acier-inoxydable\/#primaryimage\",\"url\":\"https:\/\/www.leoniparma.it\/wp-content\/uploads\/2025\/03\/canale-con-griglia-scarico-laterale-orizzontale-\u2013-PC.024L-scaled.webp\",\"contentUrl\":\"https:\/\/www.leoniparma.it\/wp-content\/uploads\/2025\/03\/canale-con-griglia-scarico-laterale-orizzontale-\u2013-PC.024L-scaled.webp\",\"width\":2560,\"height\":1868},{\"@type\":\"BreadcrumbList\",\"@id\":\"https:\/\/www.leoniparma.it\/fr\/prodotto\/canal-avec-grille-en-acier-inoxydable\/#breadcrumb\",\"itemListElement\":[{\"@type\":\"ListItem\",\"position\":1,\"name\":\"Accueil\",\"item\":\"https:\/\/www.leoniparma.it\/fr\/\"},{\"@type\":\"ListItem\",\"position\":2,\"name\":\"Syst\u00e8mes de drainage\",\"item\":\"https:\/\/www.leoniparma.it\/fr\/categoria-prodotto\/systemes-de-drainage\/\"},{\"@type\":\"ListItem\",\"position\":3,\"name\":\"Canal et baignoires\",\"item\":\"https:\/\/www.leoniparma.it\/fr\/categoria-prodotto\/systemes-de-drainage\/canal-et-baignoires\/\"},{\"@type\":\"ListItem\",\"position\":4,\"name\":\"Canaux avec grille\",\"item\":\"https:\/\/www.leoniparma.it\/fr\/categoria-prodotto\/systemes-de-drainage\/canal-et-baignoires\/canaux-avec-grille\/\"},{\"@type\":\"ListItem\",\"position\":5,\"name\":\"Canal avec grille en acier inoxydable\"}]},{\"@type\":\"WebSite\",\"@id\":\"https:\/\/www.leoniparma.it\/fr\/#website\",\"url\":\"https:\/\/www.leoniparma.it\/fr\/\",\"name\":\"Officina Meccanica Leoni\",\"description\":\"\",\"publisher\":{\"@id\":\"https:\/\/www.leoniparma.it\/fr\/#organization\"},\"potentialAction\":[{\"@type\":\"SearchAction\",\"target\":{\"@type\":\"EntryPoint\",\"urlTemplate\":\"https:\/\/www.leoniparma.it\/fr\/?s={search_term_string}\"},\"query-input\":{\"@type\":\"PropertyValueSpecification\",\"valueRequired\":true,\"valueName\":\"search_term_string\"}}],\"inLanguage\":\"fr-FR\"},{\"@type\":\"Organization\",\"@id\":\"https:\/\/www.leoniparma.it\/fr\/#organization\",\"name\":\"Officina Meccanica Leoni\",\"url\":\"https:\/\/www.leoniparma.it\/fr\/\",\"logo\":{\"@type\":\"ImageObject\",\"inLanguage\":\"fr-FR\",\"@id\":\"https:\/\/www.leoniparma.it\/fr\/#\/schema\/logo\/image\/\",\"url\":\"https:\/\/www.leoniparma.it\/wp-content\/uploads\/2025\/02\/logo.svg\",\"contentUrl\":\"https:\/\/www.leoniparma.it\/wp-content\/uploads\/2025\/02\/logo.svg\",\"width\":381,\"height\":232,\"caption\":\"Officina Meccanica Leoni\"},\"image\":{\"@id\":\"https:\/\/www.leoniparma.it\/fr\/#\/schema\/logo\/image\/\"},\"sameAs\":[\"https:\/\/www.linkedin.com\/company\/leoni-parma-officina\/\"]}]}<\/script>\n<!-- \/ Yoast SEO plugin. -->","yoast_head_json":{"title":"Canaux avec grille en acier inoxydable | Officina Leoni Parma","description":"Canaux avec grille en acier inoxydable Made in Italy. Contactez-nous pour plus d'informations et un devis !","robots":{"index":"index","follow":"follow","max-snippet":"max-snippet:-1","max-image-preview":"max-image-preview:large","max-video-preview":"max-video-preview:-1"},"canonical":"https:\/\/www.leoniparma.it\/fr\/prodotto\/canal-avec-grille-en-acier-inoxydable\/","og_locale":"fr_FR","og_type":"article","og_title":"Canaux avec grille en acier inoxydable | Officina Leoni Parma","og_description":"Canaux avec grille en acier inoxydable Made in Italy. Contactez-nous pour plus d'informations et un devis !","og_url":"https:\/\/www.leoniparma.it\/fr\/prodotto\/canal-avec-grille-en-acier-inoxydable\/","og_site_name":"Officina Meccanica Leoni","article_modified_time":"2025-07-23T15:07:53+00:00","og_image":[{"width":2560,"height":1868,"url":"https:\/\/www.leoniparma.it\/wp-content\/uploads\/2025\/03\/canale-con-griglia-scarico-laterale-orizzontale-\u2013-PC.024L-scaled.webp","type":"image\/webp"}],"twitter_card":"summary_large_image","twitter_misc":{"Dur\u00e9e de lecture estim\u00e9e":"1 minute"},"schema":{"@context":"https:\/\/schema.org","@graph":[{"@type":"WebPage","@id":"https:\/\/www.leoniparma.it\/fr\/prodotto\/canal-avec-grille-en-acier-inoxydable\/","url":"https:\/\/www.leoniparma.it\/fr\/prodotto\/canal-avec-grille-en-acier-inoxydable\/","name":"Canaux avec grille en acier inoxydable | Officina Leoni Parma","isPartOf":{"@id":"https:\/\/www.leoniparma.it\/fr\/#website"},"primaryImageOfPage":{"@id":"https:\/\/www.leoniparma.it\/fr\/prodotto\/canal-avec-grille-en-acier-inoxydable\/#primaryimage"},"image":{"@id":"https:\/\/www.leoniparma.it\/fr\/prodotto\/canal-avec-grille-en-acier-inoxydable\/#primaryimage"},"thumbnailUrl":"https:\/\/www.leoniparma.it\/wp-content\/uploads\/2025\/03\/canale-con-griglia-scarico-laterale-orizzontale-\u2013-PC.024L-scaled.webp","datePublished":"2025-03-13T10:13:56+00:00","dateModified":"2025-07-23T15:07:53+00:00","description":"Canaux avec grille en acier inoxydable Made in Italy. Contactez-nous pour plus d'informations et un devis !","breadcrumb":{"@id":"https:\/\/www.leoniparma.it\/fr\/prodotto\/canal-avec-grille-en-acier-inoxydable\/#breadcrumb"},"inLanguage":"fr-FR","potentialAction":[{"@type":"ReadAction","target":["https:\/\/www.leoniparma.it\/fr\/prodotto\/canal-avec-grille-en-acier-inoxydable\/"]}]},{"@type":"ImageObject","inLanguage":"fr-FR","@id":"https:\/\/www.leoniparma.it\/fr\/prodotto\/canal-avec-grille-en-acier-inoxydable\/#primaryimage","url":"https:\/\/www.leoniparma.it\/wp-content\/uploads\/2025\/03\/canale-con-griglia-scarico-laterale-orizzontale-\u2013-PC.024L-scaled.webp","contentUrl":"https:\/\/www.leoniparma.it\/wp-content\/uploads\/2025\/03\/canale-con-griglia-scarico-laterale-orizzontale-\u2013-PC.024L-scaled.webp","width":2560,"height":1868},{"@type":"BreadcrumbList","@id":"https:\/\/www.leoniparma.it\/fr\/prodotto\/canal-avec-grille-en-acier-inoxydable\/#breadcrumb","itemListElement":[{"@type":"ListItem","position":1,"name":"Accueil","item":"https:\/\/www.leoniparma.it\/fr\/"},{"@type":"ListItem","position":2,"name":"Syst\u00e8mes de drainage","item":"https:\/\/www.leoniparma.it\/fr\/categoria-prodotto\/systemes-de-drainage\/"},{"@type":"ListItem","position":3,"name":"Canal et baignoires","item":"https:\/\/www.leoniparma.it\/fr\/categoria-prodotto\/systemes-de-drainage\/canal-et-baignoires\/"},{"@type":"ListItem","position":4,"name":"Canaux avec grille","item":"https:\/\/www.leoniparma.it\/fr\/categoria-prodotto\/systemes-de-drainage\/canal-et-baignoires\/canaux-avec-grille\/"},{"@type":"ListItem","position":5,"name":"Canal avec grille en acier inoxydable"}]},{"@type":"WebSite","@id":"https:\/\/www.leoniparma.it\/fr\/#website","url":"https:\/\/www.leoniparma.it\/fr\/","name":"Officina Meccanica Leoni","description":"","publisher":{"@id":"https:\/\/www.leoniparma.it\/fr\/#organization"},"potentialAction":[{"@type":"SearchAction","target":{"@type":"EntryPoint","urlTemplate":"https:\/\/www.leoniparma.it\/fr\/?s={search_term_string}"},"query-input":{"@type":"PropertyValueSpecification","valueRequired":true,"valueName":"search_term_string"}}],"inLanguage":"fr-FR"},{"@type":"Organization","@id":"https:\/\/www.leoniparma.it\/fr\/#organization","name":"Officina Meccanica Leoni","url":"https:\/\/www.leoniparma.it\/fr\/","logo":{"@type":"ImageObject","inLanguage":"fr-FR","@id":"https:\/\/www.leoniparma.it\/fr\/#\/schema\/logo\/image\/","url":"https:\/\/www.leoniparma.it\/wp-content\/uploads\/2025\/02\/logo.svg","contentUrl":"https:\/\/www.leoniparma.it\/wp-content\/uploads\/2025\/02\/logo.svg","width":381,"height":232,"caption":"Officina Meccanica Leoni"},"image":{"@id":"https:\/\/www.leoniparma.it\/fr\/#\/schema\/logo\/image\/"},"sameAs":["https:\/\/www.linkedin.com\/company\/leoni-parma-officina\/"]}]}},"_links":{"self":[{"href":"https:\/\/www.leoniparma.it\/fr\/wp-json\/wp\/v2\/product\/4639","targetHints":{"allow":["GET"]}}],"collection":[{"href":"https:\/\/www.leoniparma.it\/fr\/wp-json\/wp\/v2\/product"}],"about":[{"href":"https:\/\/www.leoniparma.it\/fr\/wp-json\/wp\/v2\/types\/product"}],"version-history":[{"count":5,"href":"https:\/\/www.leoniparma.it\/fr\/wp-json\/wp\/v2\/product\/4639\/revisions"}],"predecessor-version":[{"id":5941,"href":"https:\/\/www.leoniparma.it\/fr\/wp-json\/wp\/v2\/product\/4639\/revisions\/5941"}],"wp:featuredmedia":[{"embeddable":true,"href":"https:\/\/www.leoniparma.it\/fr\/wp-json\/wp\/v2\/media\/4640"}],"wp:attachment":[{"href":"https:\/\/www.leoniparma.it\/fr\/wp-json\/wp\/v2\/media?parent=4639"}],"wp:term":[{"taxonomy":"product_brand","embeddable":true,"href":"https:\/\/www.leoniparma.it\/fr\/wp-json\/wp\/v2\/product_brand?post=4639"},{"taxonomy":"product_cat","embeddable":true,"href":"https:\/\/www.leoniparma.it\/fr\/wp-json\/wp\/v2\/product_cat?post=4639"},{"taxonomy":"product_tag","embeddable":true,"href":"https:\/\/www.leoniparma.it\/fr\/wp-json\/wp\/v2\/product_tag?post=4639"}],"curies":[{"name":"wp","href":"https:\/\/api.w.org\/{rel}","templated":true}]}}