{"id":4236,"date":"2025-03-13T13:58:18","date_gmt":"2025-03-13T13:58:18","guid":{"rendered":"https:\/\/www.leoniparma.it\/staging\/politique-de-confidentialite\/"},"modified":"2025-07-14T13:31:53","modified_gmt":"2025-07-14T13:31:53","slug":"politique-de-confidentialite","status":"publish","type":"page","link":"https:\/\/www.leoniparma.it\/staging\/fr\/politique-de-confidentialite\/","title":{"rendered":"Politique de confidentialit\u00e9"},"content":{"rendered":"\t\t<div data-elementor-type=\"wp-page\" data-elementor-id=\"4236\" class=\"elementor elementor-4236 elementor-1522\" data-elementor-post-type=\"page\">\n\t\t\t\t<div class=\"elementor-element elementor-element-116fbf7 e-flex e-con-boxed e-con e-parent\" data-id=\"116fbf7\" data-element_type=\"container\" data-settings=\"{&quot;background_background&quot;:&quot;classic&quot;}\">\n\t\t\t\t\t<div class=\"e-con-inner\">\n\t\t\t\t<div class=\"elementor-element elementor-element-01a53fe elementor-widget elementor-widget-breadcrumbs\" data-id=\"01a53fe\" data-element_type=\"widget\" data-widget_type=\"breadcrumbs.default\">\n\t\t\t\t<div class=\"elementor-widget-container\">\n\t\t\t\t\t<p id=\"breadcrumbs\"><span><span><a href=\"https:\/\/www.leoniparma.it\/staging\/fr\/\">Accueil<\/a><\/span><\/span><\/p>\t\t\t\t<\/div>\n\t\t\t\t<\/div>\n\t\t\t\t<div class=\"elementor-element elementor-element-ac6cc37 white-title elementor-widget__width-inherit elementor-widget-tablet_extra__width-inherit elementor-widget-tablet__width-inherit elementor-widget elementor-widget-heading\" data-id=\"ac6cc37\" data-element_type=\"widget\" data-widget_type=\"heading.default\">\n\t\t\t\t<div class=\"elementor-widget-container\">\n\t\t\t\t\t<h1 class=\"elementor-heading-title elementor-size-default\">Politique de confidentialit\u00e9<\/h1>\t\t\t\t<\/div>\n\t\t\t\t<\/div>\n\t\t\t\t\t<\/div>\n\t\t\t\t<\/div>\n\t\t<div class=\"elementor-element elementor-element-a8a45bd e-flex e-con-boxed e-con e-parent\" data-id=\"a8a45bd\" data-element_type=\"container\" data-settings=\"{&quot;background_background&quot;:&quot;classic&quot;}\">\n\t\t\t\t\t<div class=\"e-con-inner\">\n\t\t\t\t<div class=\"elementor-element elementor-element-9909a65 policy-text elementor-widget elementor-widget-shortcode\" data-id=\"9909a65\" data-element_type=\"widget\" data-widget_type=\"shortcode.default\">\n\t\t\t\t<div class=\"elementor-widget-container\">\n\t\t\t\t\t\t\t<div class=\"elementor-shortcode\"><h2>Politique de confidentialit\u00e9 conform\u00e9ment aux articles. 13-14 du R\u00e8glement Europ\u00e9en \u00ab Vie Priv\u00e9e \u00bb (RGPD)<\/h2>\r\n<p>\r\n     Les donn\u00e9es personnelles que vous avez saisies sont trait\u00e9es par Officina Meccanica Leoni s.r.l. di Riccardo Leoni e C. en tant que responsable du traitement, \u00e0 des fins li\u00e9es \u00e0 la fourniture des services que vous avez demand\u00e9s (par exemple: demandes d'informations, inscription sur le site pour b\u00e9n\u00e9ficier d'avantages et d'offres, obtenir des devis , effectuer des paiements, acheter des biens ou les recevoir \u00e0 un domicile que vous avez indiqu\u00e9, effectuer une r\u00e9servation, \u00e9changer des documents).\r\n     <br>\r\n     En outre, les donn\u00e9es que vous fournissez ne peuvent \u00eatre trait\u00e9es qu'avec votre consentement expr\u00e8s, afin de vous envoyer des communications commerciales par e-mail ou SMS concernant les services propos\u00e9s par le responsable du traitement.\r\n     <br>\r\n     Dans le premier cas, la base juridique du traitement est l'ex\u00e9cution d'un contrat ; dans le second cas, c'est le consentement.\r\n     <br>\r\n     Le traitement s'effectue par voie \u00e9lectronique et est mis \u00e0 la disposition de tiers (processeurs de donn\u00e9es externes) au sein de l'Union europ\u00e9enne ou dans des pays tiers, r\u00e9guli\u00e8rement sous contrat et qui fournissent les garanties de s\u00e9curit\u00e9 ad\u00e9quates, n\u00e9cessaires \u00e0 la fourniture des services essentiels pour r\u00e9pondre \u00e0 vos besoins. . Ces sous-traitants externes, dont une liste est disponible sur demande, peuvent appartenir \u00e0 des cat\u00e9gories de parties qui assistent le responsable du traitement dans la fourniture des services propos\u00e9s via ce site (par exemple\u00a0: d\u00e9veloppeurs de logiciels et gestionnaires de sites Web, exp\u00e9diteurs).\r\n     <br>\r\n     Ils seront \u00e9galement trait\u00e9s \u00e0 des fins d'analyse statistique et de marketing direct, de mani\u00e8re anonyme, comme sp\u00e9cifi\u00e9 plus en d\u00e9tail dans la politique de cookies.\r\n     <br>\r\n     Il s'agit donc d'un traitement l\u00e9gitime et n\u00e9cessaire pour assurer un service \u00e0 la hauteur de vos attentes.\r\n     <br>\r\n     Les donn\u00e9es seront conserv\u00e9es pendant toute la dur\u00e9e des services que vous avez demand\u00e9s ou pour des p\u00e9riodes plus longues uniquement si la r\u00e9glementation l'exige.\r\n     <br>\r\n     Vous pouvez \u00e0 tout moment exercer les droits pr\u00e9vus aux articles 15 \u00e0 22 du RGPD en contactant le responsable du traitement de son site.\r\n     <br>\r\n     Pour modifier ou supprimer uniquement les donn\u00e9es stock\u00e9es sur les syst\u00e8mes qui fournissent ce site, \u00e9crivez \u00e0\r\n     <a href=\"mailto: info@italiaonline.it\">info@italiaonline.it<\/a>. Les informations que vous entrez dans l'e-mail (y compris votre adresse e-mail) peuvent \u00eatre communiqu\u00e9es \u00e0 une soci\u00e9t\u00e9 tierce qui agira en tant que sous-traitant de donn\u00e9es externe soutenant le responsable du traitement dans la gestion du site et dans l'ex\u00e9cution de vos demandes.\r\n<\/p>\r\n<p>\r\n     En cas de demande de suppression de vos donn\u00e9es, nous vous informons qu'il ne sera peut-\u00eatre plus possible de continuer \u00e0 vous fournir le service demand\u00e9.\r\n<\/p>\r\n<p>\r\n     Enfin, nous vous informons que vous pouvez introduire une r\u00e9clamation aupr\u00e8s de l'Autorit\u00e9 de protection des donn\u00e9es si vous estimez que vos droits ont \u00e9t\u00e9 viol\u00e9s.\r\n<\/p><\/div>\n\t\t\t\t\t\t<\/div>\n\t\t\t\t<\/div>\n\t\t\t\t\t<\/div>\n\t\t\t\t<\/div>\n\t\t\t\t<\/div>\n\t\t","protected":false},"excerpt":{"rendered":"","protected":false},"author":3,"featured_media":0,"parent":0,"menu_order":0,"comment_status":"closed","ping_status":"closed","template":"","meta":{"_acf_changed":false,"footnotes":""},"class_list":["post-4236","page","type-page","status-publish","hentry"],"acf":[],"yoast_head":"<!-- This site is optimized with the Yoast SEO plugin v25.3 - https:\/\/yoast.com\/wordpress\/plugins\/seo\/ -->\n<title>Politique de confidentialit\u00e9 | Officina Meccanica Leoni Parma<\/title>\n<meta name=\"description\" content=\"D\u00e9couvrez comment Officina Meccanica Leoni traite vos informations gr\u00e2ce \u00e0 notre politique de confidentialit\u00e9.\" \/>\n<meta name=\"robots\" content=\"noindex, follow, max-snippet:-1, max-image-preview:large, max-video-preview:-1\" \/>\n<meta property=\"og:locale\" content=\"fr_FR\" \/>\n<meta property=\"og:type\" content=\"article\" \/>\n<meta property=\"og:title\" content=\"Politique de confidentialit\u00e9 | Officina Meccanica Leoni Parma\" \/>\n<meta property=\"og:description\" content=\"D\u00e9couvrez comment Officina Meccanica Leoni traite vos informations gr\u00e2ce \u00e0 notre politique de confidentialit\u00e9.\" \/>\n<meta property=\"og:url\" content=\"https:\/\/www.leoniparma.it\/staging\/fr\/politique-de-confidentialite\/\" \/>\n<meta property=\"og:site_name\" content=\"Officina Meccanica Leoni\" \/>\n<meta property=\"article:modified_time\" content=\"2025-07-14T13:31:53+00:00\" \/>\n<meta name=\"twitter:card\" content=\"summary_large_image\" \/>\n<script type=\"application\/ld+json\" class=\"yoast-schema-graph\">{\"@context\":\"https:\/\/schema.org\",\"@graph\":[{\"@type\":\"WebPage\",\"@id\":\"https:\/\/www.leoniparma.it\/staging\/fr\/politique-de-confidentialite\/\",\"url\":\"https:\/\/www.leoniparma.it\/staging\/fr\/politique-de-confidentialite\/\",\"name\":\"Politique de confidentialit\u00e9 | Officina Meccanica Leoni Parma\",\"isPartOf\":{\"@id\":\"https:\/\/www.leoniparma.it\/staging\/fr\/#website\"},\"datePublished\":\"2025-03-13T13:58:18+00:00\",\"dateModified\":\"2025-07-14T13:31:53+00:00\",\"description\":\"D\u00e9couvrez comment Officina Meccanica Leoni traite vos informations gr\u00e2ce \u00e0 notre politique de confidentialit\u00e9.\",\"breadcrumb\":{\"@id\":\"https:\/\/www.leoniparma.it\/staging\/fr\/politique-de-confidentialite\/#breadcrumb\"},\"inLanguage\":\"fr-FR\",\"potentialAction\":[{\"@type\":\"ReadAction\",\"target\":[\"https:\/\/www.leoniparma.it\/staging\/fr\/politique-de-confidentialite\/\"]}]},{\"@type\":\"BreadcrumbList\",\"@id\":\"https:\/\/www.leoniparma.it\/staging\/fr\/politique-de-confidentialite\/#breadcrumb\",\"itemListElement\":[{\"@type\":\"ListItem\",\"position\":1,\"name\":\"Accueil\",\"item\":\"https:\/\/www.leoniparma.it\/staging\/fr\/\"},{\"@type\":\"ListItem\",\"position\":2,\"name\":\"Politique de confidentialit\u00e9\"}]},{\"@type\":\"WebSite\",\"@id\":\"https:\/\/www.leoniparma.it\/staging\/fr\/#website\",\"url\":\"https:\/\/www.leoniparma.it\/staging\/fr\/\",\"name\":\"Officina Meccanica Leoni\",\"description\":\"\",\"publisher\":{\"@id\":\"https:\/\/www.leoniparma.it\/staging\/fr\/#organization\"},\"potentialAction\":[{\"@type\":\"SearchAction\",\"target\":{\"@type\":\"EntryPoint\",\"urlTemplate\":\"https:\/\/www.leoniparma.it\/staging\/fr\/?s={search_term_string}\"},\"query-input\":{\"@type\":\"PropertyValueSpecification\",\"valueRequired\":true,\"valueName\":\"search_term_string\"}}],\"inLanguage\":\"fr-FR\"},{\"@type\":\"Organization\",\"@id\":\"https:\/\/www.leoniparma.it\/staging\/fr\/#organization\",\"name\":\"Officina Meccanica Leoni\",\"url\":\"https:\/\/www.leoniparma.it\/staging\/fr\/\",\"logo\":{\"@type\":\"ImageObject\",\"inLanguage\":\"fr-FR\",\"@id\":\"https:\/\/www.leoniparma.it\/staging\/fr\/#\/schema\/logo\/image\/\",\"url\":\"https:\/\/www.leoniparma.it\/staging\/wp-content\/uploads\/2025\/02\/logo.svg\",\"contentUrl\":\"https:\/\/www.leoniparma.it\/staging\/wp-content\/uploads\/2025\/02\/logo.svg\",\"width\":381,\"height\":232,\"caption\":\"Officina Meccanica Leoni\"},\"image\":{\"@id\":\"https:\/\/www.leoniparma.it\/staging\/fr\/#\/schema\/logo\/image\/\"},\"sameAs\":[\"https:\/\/www.linkedin.com\/company\/leoni-parma-officina\/\"]}]}<\/script>\n<!-- \/ Yoast SEO plugin. -->","yoast_head_json":{"title":"Politique de confidentialit\u00e9 | Officina Meccanica Leoni Parma","description":"D\u00e9couvrez comment Officina Meccanica Leoni traite vos informations gr\u00e2ce \u00e0 notre politique de confidentialit\u00e9.","robots":{"index":"noindex","follow":"follow","max-snippet":"max-snippet:-1","max-image-preview":"max-image-preview:large","max-video-preview":"max-video-preview:-1"},"og_locale":"fr_FR","og_type":"article","og_title":"Politique de confidentialit\u00e9 | Officina Meccanica Leoni Parma","og_description":"D\u00e9couvrez comment Officina Meccanica Leoni traite vos informations gr\u00e2ce \u00e0 notre politique de confidentialit\u00e9.","og_url":"https:\/\/www.leoniparma.it\/staging\/fr\/politique-de-confidentialite\/","og_site_name":"Officina Meccanica Leoni","article_modified_time":"2025-07-14T13:31:53+00:00","twitter_card":"summary_large_image","schema":{"@context":"https:\/\/schema.org","@graph":[{"@type":"WebPage","@id":"https:\/\/www.leoniparma.it\/staging\/fr\/politique-de-confidentialite\/","url":"https:\/\/www.leoniparma.it\/staging\/fr\/politique-de-confidentialite\/","name":"Politique de confidentialit\u00e9 | Officina Meccanica Leoni Parma","isPartOf":{"@id":"https:\/\/www.leoniparma.it\/staging\/fr\/#website"},"datePublished":"2025-03-13T13:58:18+00:00","dateModified":"2025-07-14T13:31:53+00:00","description":"D\u00e9couvrez comment Officina Meccanica Leoni traite vos informations gr\u00e2ce \u00e0 notre politique de confidentialit\u00e9.","breadcrumb":{"@id":"https:\/\/www.leoniparma.it\/staging\/fr\/politique-de-confidentialite\/#breadcrumb"},"inLanguage":"fr-FR","potentialAction":[{"@type":"ReadAction","target":["https:\/\/www.leoniparma.it\/staging\/fr\/politique-de-confidentialite\/"]}]},{"@type":"BreadcrumbList","@id":"https:\/\/www.leoniparma.it\/staging\/fr\/politique-de-confidentialite\/#breadcrumb","itemListElement":[{"@type":"ListItem","position":1,"name":"Accueil","item":"https:\/\/www.leoniparma.it\/staging\/fr\/"},{"@type":"ListItem","position":2,"name":"Politique de confidentialit\u00e9"}]},{"@type":"WebSite","@id":"https:\/\/www.leoniparma.it\/staging\/fr\/#website","url":"https:\/\/www.leoniparma.it\/staging\/fr\/","name":"Officina Meccanica Leoni","description":"","publisher":{"@id":"https:\/\/www.leoniparma.it\/staging\/fr\/#organization"},"potentialAction":[{"@type":"SearchAction","target":{"@type":"EntryPoint","urlTemplate":"https:\/\/www.leoniparma.it\/staging\/fr\/?s={search_term_string}"},"query-input":{"@type":"PropertyValueSpecification","valueRequired":true,"valueName":"search_term_string"}}],"inLanguage":"fr-FR"},{"@type":"Organization","@id":"https:\/\/www.leoniparma.it\/staging\/fr\/#organization","name":"Officina Meccanica Leoni","url":"https:\/\/www.leoniparma.it\/staging\/fr\/","logo":{"@type":"ImageObject","inLanguage":"fr-FR","@id":"https:\/\/www.leoniparma.it\/staging\/fr\/#\/schema\/logo\/image\/","url":"https:\/\/www.leoniparma.it\/staging\/wp-content\/uploads\/2025\/02\/logo.svg","contentUrl":"https:\/\/www.leoniparma.it\/staging\/wp-content\/uploads\/2025\/02\/logo.svg","width":381,"height":232,"caption":"Officina Meccanica Leoni"},"image":{"@id":"https:\/\/www.leoniparma.it\/staging\/fr\/#\/schema\/logo\/image\/"},"sameAs":["https:\/\/www.linkedin.com\/company\/leoni-parma-officina\/"]}]}},"_links":{"self":[{"href":"https:\/\/www.leoniparma.it\/staging\/fr\/wp-json\/wp\/v2\/pages\/4236","targetHints":{"allow":["GET"]}}],"collection":[{"href":"https:\/\/www.leoniparma.it\/staging\/fr\/wp-json\/wp\/v2\/pages"}],"about":[{"href":"https:\/\/www.leoniparma.it\/staging\/fr\/wp-json\/wp\/v2\/types\/page"}],"author":[{"embeddable":true,"href":"https:\/\/www.leoniparma.it\/staging\/fr\/wp-json\/wp\/v2\/users\/3"}],"replies":[{"embeddable":true,"href":"https:\/\/www.leoniparma.it\/staging\/fr\/wp-json\/wp\/v2\/comments?post=4236"}],"version-history":[{"count":3,"href":"https:\/\/www.leoniparma.it\/staging\/fr\/wp-json\/wp\/v2\/pages\/4236\/revisions"}],"predecessor-version":[{"id":5672,"href":"https:\/\/www.leoniparma.it\/staging\/fr\/wp-json\/wp\/v2\/pages\/4236\/revisions\/5672"}],"wp:attachment":[{"href":"https:\/\/www.leoniparma.it\/staging\/fr\/wp-json\/wp\/v2\/media?parent=4236"}],"curies":[{"name":"wp","href":"https:\/\/api.w.org\/{rel}","templated":true}]}}