{"id":4729,"date":"2025-03-13T14:07:17","date_gmt":"2025-03-13T14:07:17","guid":{"rendered":"https:\/\/www.leoniparma.it\/staging\/informations-juridiques\/"},"modified":"2025-07-14T13:31:53","modified_gmt":"2025-07-14T13:31:53","slug":"informations-juridiques","status":"publish","type":"page","link":"https:\/\/www.leoniparma.it\/staging\/fr\/informations-juridiques\/","title":{"rendered":"Informations juridiques"},"content":{"rendered":"\t\t<div data-elementor-type=\"wp-page\" data-elementor-id=\"4729\" class=\"elementor elementor-4729 elementor-1543\" data-elementor-post-type=\"page\">\n\t\t\t\t<div class=\"elementor-element elementor-element-c48676e e-flex e-con-boxed e-con e-parent\" data-id=\"c48676e\" data-element_type=\"container\" data-settings=\"{&quot;background_background&quot;:&quot;classic&quot;}\">\n\t\t\t\t\t<div class=\"e-con-inner\">\n\t\t\t\t<div class=\"elementor-element elementor-element-047f49e elementor-widget elementor-widget-breadcrumbs\" data-id=\"047f49e\" data-element_type=\"widget\" data-widget_type=\"breadcrumbs.default\">\n\t\t\t\t<div class=\"elementor-widget-container\">\n\t\t\t\t\t<p id=\"breadcrumbs\"><span><span><a href=\"https:\/\/www.leoniparma.it\/staging\/fr\/\">Accueil<\/a><\/span><\/span><\/p>\t\t\t\t<\/div>\n\t\t\t\t<\/div>\n\t\t\t\t<div class=\"elementor-element elementor-element-065be38 white-title elementor-widget__width-inherit elementor-widget-tablet_extra__width-inherit elementor-widget-tablet__width-inherit elementor-widget elementor-widget-heading\" data-id=\"065be38\" data-element_type=\"widget\" data-widget_type=\"heading.default\">\n\t\t\t\t<div class=\"elementor-widget-container\">\n\t\t\t\t\t<h1 class=\"elementor-heading-title elementor-size-default\">Informations juridiques<\/h1>\t\t\t\t<\/div>\n\t\t\t\t<\/div>\n\t\t\t\t\t<\/div>\n\t\t\t\t<\/div>\n\t\t<div class=\"elementor-element elementor-element-9e226c1 e-flex e-con-boxed e-con e-parent\" data-id=\"9e226c1\" data-element_type=\"container\" data-settings=\"{&quot;background_background&quot;:&quot;classic&quot;}\">\n\t\t\t\t\t<div class=\"e-con-inner\">\n\t\t\t\t<div class=\"elementor-element elementor-element-2ee4dc4 elementor-widget elementor-widget-text-editor\" data-id=\"2ee4dc4\" data-element_type=\"widget\" data-widget_type=\"text-editor.default\">\n\t\t\t\t<div class=\"elementor-widget-container\">\n\t\t\t\t\t\t\t\t\t<p>Les textes, informations et autres donn\u00e9es publi\u00e9s sur ce site ainsi que les liens vers d&#8217;autres sites Internet sont fournis \u00e0 titre d&#8217;information uniquement et n&#8217;ont aucun caract\u00e8re officiel.<\/p>\n<p>Elle n&#8217;assume aucune responsabilit\u00e9 pour toute erreur ou omission de quelque nature que ce soit, ni pour tout dommage direct, indirect ou accessoire r\u00e9sultant de la lecture ou de l&#8217;utilisation des informations publi\u00e9es, ou de toute forme de contenu sur le site, ou de l&#8217;acc\u00e8s ou de l&#8217;utilisation de mat\u00e9riel sur d&#8217;autres sites.<\/p>\t\t\t\t\t\t\t\t<\/div>\n\t\t\t\t<\/div>\n\t\t\t\t\t<\/div>\n\t\t\t\t<\/div>\n\t\t\t\t<\/div>\n\t\t","protected":false},"excerpt":{"rendered":"<p>Les textes, informations et autres donn\u00e9es publi\u00e9s sur ce site ainsi que les liens vers d&#8217;autres sites Internet sont fournis \u00e0 titre d&#8217;information uniquement et n&#8217;ont aucun caract\u00e8re officiel. Elle n&#8217;assume aucune responsabilit\u00e9 pour toute erreur ou omission de quelque nature que ce soit, ni pour tout dommage direct, indirect ou accessoire r\u00e9sultant de la [&hellip;]<\/p>\n","protected":false},"author":3,"featured_media":0,"parent":0,"menu_order":0,"comment_status":"closed","ping_status":"closed","template":"","meta":{"_acf_changed":false,"footnotes":""},"class_list":["post-4729","page","type-page","status-publish","hentry"],"acf":[],"yoast_head":"<!-- This site is optimized with the Yoast SEO plugin v25.3 - https:\/\/yoast.com\/wordpress\/plugins\/seo\/ -->\n<title>Informations l\u00e9gales | Atelier m\u00e9canique Leoni Parma<\/title>\n<meta name=\"description\" content=\"Le contenu de ce site et les liens externes sont fournis \u00e0 titre d&#039;information uniquement, sans aucune responsabilit\u00e9. Contactez-nous pour plus de d\u00e9tails !\" \/>\n<meta name=\"robots\" content=\"noindex, follow, max-snippet:-1, max-image-preview:large, max-video-preview:-1\" \/>\n<meta property=\"og:locale\" content=\"fr_FR\" \/>\n<meta property=\"og:type\" content=\"article\" \/>\n<meta property=\"og:title\" content=\"Informations l\u00e9gales | Atelier m\u00e9canique Leoni Parma\" \/>\n<meta property=\"og:description\" content=\"Le contenu de ce site et les liens externes sont fournis \u00e0 titre d&#039;information uniquement, sans aucune responsabilit\u00e9. Contactez-nous pour plus de d\u00e9tails !\" \/>\n<meta property=\"og:url\" content=\"https:\/\/www.leoniparma.it\/staging\/fr\/informations-juridiques\/\" \/>\n<meta property=\"og:site_name\" content=\"Officina Meccanica Leoni\" \/>\n<meta property=\"article:modified_time\" content=\"2025-07-14T13:31:53+00:00\" \/>\n<meta name=\"twitter:card\" content=\"summary_large_image\" \/>\n<script type=\"application\/ld+json\" class=\"yoast-schema-graph\">{\"@context\":\"https:\/\/schema.org\",\"@graph\":[{\"@type\":\"WebPage\",\"@id\":\"https:\/\/www.leoniparma.it\/staging\/fr\/informations-juridiques\/\",\"url\":\"https:\/\/www.leoniparma.it\/staging\/fr\/informations-juridiques\/\",\"name\":\"Informations l\u00e9gales | Atelier m\u00e9canique Leoni Parma\",\"isPartOf\":{\"@id\":\"https:\/\/www.leoniparma.it\/staging\/fr\/#website\"},\"datePublished\":\"2025-03-13T14:07:17+00:00\",\"dateModified\":\"2025-07-14T13:31:53+00:00\",\"description\":\"Le contenu de ce site et les liens externes sont fournis \u00e0 titre d'information uniquement, sans aucune responsabilit\u00e9. Contactez-nous pour plus de d\u00e9tails !\",\"breadcrumb\":{\"@id\":\"https:\/\/www.leoniparma.it\/staging\/fr\/informations-juridiques\/#breadcrumb\"},\"inLanguage\":\"fr-FR\",\"potentialAction\":[{\"@type\":\"ReadAction\",\"target\":[\"https:\/\/www.leoniparma.it\/staging\/fr\/informations-juridiques\/\"]}]},{\"@type\":\"BreadcrumbList\",\"@id\":\"https:\/\/www.leoniparma.it\/staging\/fr\/informations-juridiques\/#breadcrumb\",\"itemListElement\":[{\"@type\":\"ListItem\",\"position\":1,\"name\":\"Accueil\",\"item\":\"https:\/\/www.leoniparma.it\/staging\/fr\/\"},{\"@type\":\"ListItem\",\"position\":2,\"name\":\"Informations juridiques\"}]},{\"@type\":\"WebSite\",\"@id\":\"https:\/\/www.leoniparma.it\/staging\/fr\/#website\",\"url\":\"https:\/\/www.leoniparma.it\/staging\/fr\/\",\"name\":\"Officina Meccanica Leoni\",\"description\":\"\",\"publisher\":{\"@id\":\"https:\/\/www.leoniparma.it\/staging\/fr\/#organization\"},\"potentialAction\":[{\"@type\":\"SearchAction\",\"target\":{\"@type\":\"EntryPoint\",\"urlTemplate\":\"https:\/\/www.leoniparma.it\/staging\/fr\/?s={search_term_string}\"},\"query-input\":{\"@type\":\"PropertyValueSpecification\",\"valueRequired\":true,\"valueName\":\"search_term_string\"}}],\"inLanguage\":\"fr-FR\"},{\"@type\":\"Organization\",\"@id\":\"https:\/\/www.leoniparma.it\/staging\/fr\/#organization\",\"name\":\"Officina Meccanica Leoni\",\"url\":\"https:\/\/www.leoniparma.it\/staging\/fr\/\",\"logo\":{\"@type\":\"ImageObject\",\"inLanguage\":\"fr-FR\",\"@id\":\"https:\/\/www.leoniparma.it\/staging\/fr\/#\/schema\/logo\/image\/\",\"url\":\"https:\/\/www.leoniparma.it\/staging\/wp-content\/uploads\/2025\/02\/logo.svg\",\"contentUrl\":\"https:\/\/www.leoniparma.it\/staging\/wp-content\/uploads\/2025\/02\/logo.svg\",\"width\":381,\"height\":232,\"caption\":\"Officina Meccanica Leoni\"},\"image\":{\"@id\":\"https:\/\/www.leoniparma.it\/staging\/fr\/#\/schema\/logo\/image\/\"},\"sameAs\":[\"https:\/\/www.linkedin.com\/company\/leoni-parma-officina\/\"]}]}<\/script>\n<!-- \/ Yoast SEO plugin. -->","yoast_head_json":{"title":"Informations l\u00e9gales | Atelier m\u00e9canique Leoni Parma","description":"Le contenu de ce site et les liens externes sont fournis \u00e0 titre d'information uniquement, sans aucune responsabilit\u00e9. Contactez-nous pour plus de d\u00e9tails !","robots":{"index":"noindex","follow":"follow","max-snippet":"max-snippet:-1","max-image-preview":"max-image-preview:large","max-video-preview":"max-video-preview:-1"},"og_locale":"fr_FR","og_type":"article","og_title":"Informations l\u00e9gales | Atelier m\u00e9canique Leoni Parma","og_description":"Le contenu de ce site et les liens externes sont fournis \u00e0 titre d'information uniquement, sans aucune responsabilit\u00e9. Contactez-nous pour plus de d\u00e9tails !","og_url":"https:\/\/www.leoniparma.it\/staging\/fr\/informations-juridiques\/","og_site_name":"Officina Meccanica Leoni","article_modified_time":"2025-07-14T13:31:53+00:00","twitter_card":"summary_large_image","schema":{"@context":"https:\/\/schema.org","@graph":[{"@type":"WebPage","@id":"https:\/\/www.leoniparma.it\/staging\/fr\/informations-juridiques\/","url":"https:\/\/www.leoniparma.it\/staging\/fr\/informations-juridiques\/","name":"Informations l\u00e9gales | Atelier m\u00e9canique Leoni Parma","isPartOf":{"@id":"https:\/\/www.leoniparma.it\/staging\/fr\/#website"},"datePublished":"2025-03-13T14:07:17+00:00","dateModified":"2025-07-14T13:31:53+00:00","description":"Le contenu de ce site et les liens externes sont fournis \u00e0 titre d'information uniquement, sans aucune responsabilit\u00e9. Contactez-nous pour plus de d\u00e9tails !","breadcrumb":{"@id":"https:\/\/www.leoniparma.it\/staging\/fr\/informations-juridiques\/#breadcrumb"},"inLanguage":"fr-FR","potentialAction":[{"@type":"ReadAction","target":["https:\/\/www.leoniparma.it\/staging\/fr\/informations-juridiques\/"]}]},{"@type":"BreadcrumbList","@id":"https:\/\/www.leoniparma.it\/staging\/fr\/informations-juridiques\/#breadcrumb","itemListElement":[{"@type":"ListItem","position":1,"name":"Accueil","item":"https:\/\/www.leoniparma.it\/staging\/fr\/"},{"@type":"ListItem","position":2,"name":"Informations juridiques"}]},{"@type":"WebSite","@id":"https:\/\/www.leoniparma.it\/staging\/fr\/#website","url":"https:\/\/www.leoniparma.it\/staging\/fr\/","name":"Officina Meccanica Leoni","description":"","publisher":{"@id":"https:\/\/www.leoniparma.it\/staging\/fr\/#organization"},"potentialAction":[{"@type":"SearchAction","target":{"@type":"EntryPoint","urlTemplate":"https:\/\/www.leoniparma.it\/staging\/fr\/?s={search_term_string}"},"query-input":{"@type":"PropertyValueSpecification","valueRequired":true,"valueName":"search_term_string"}}],"inLanguage":"fr-FR"},{"@type":"Organization","@id":"https:\/\/www.leoniparma.it\/staging\/fr\/#organization","name":"Officina Meccanica Leoni","url":"https:\/\/www.leoniparma.it\/staging\/fr\/","logo":{"@type":"ImageObject","inLanguage":"fr-FR","@id":"https:\/\/www.leoniparma.it\/staging\/fr\/#\/schema\/logo\/image\/","url":"https:\/\/www.leoniparma.it\/staging\/wp-content\/uploads\/2025\/02\/logo.svg","contentUrl":"https:\/\/www.leoniparma.it\/staging\/wp-content\/uploads\/2025\/02\/logo.svg","width":381,"height":232,"caption":"Officina Meccanica Leoni"},"image":{"@id":"https:\/\/www.leoniparma.it\/staging\/fr\/#\/schema\/logo\/image\/"},"sameAs":["https:\/\/www.linkedin.com\/company\/leoni-parma-officina\/"]}]}},"_links":{"self":[{"href":"https:\/\/www.leoniparma.it\/staging\/fr\/wp-json\/wp\/v2\/pages\/4729","targetHints":{"allow":["GET"]}}],"collection":[{"href":"https:\/\/www.leoniparma.it\/staging\/fr\/wp-json\/wp\/v2\/pages"}],"about":[{"href":"https:\/\/www.leoniparma.it\/staging\/fr\/wp-json\/wp\/v2\/types\/page"}],"author":[{"embeddable":true,"href":"https:\/\/www.leoniparma.it\/staging\/fr\/wp-json\/wp\/v2\/users\/3"}],"replies":[{"embeddable":true,"href":"https:\/\/www.leoniparma.it\/staging\/fr\/wp-json\/wp\/v2\/comments?post=4729"}],"version-history":[{"count":3,"href":"https:\/\/www.leoniparma.it\/staging\/fr\/wp-json\/wp\/v2\/pages\/4729\/revisions"}],"predecessor-version":[{"id":5675,"href":"https:\/\/www.leoniparma.it\/staging\/fr\/wp-json\/wp\/v2\/pages\/4729\/revisions\/5675"}],"wp:attachment":[{"href":"https:\/\/www.leoniparma.it\/staging\/fr\/wp-json\/wp\/v2\/media?parent=4729"}],"curies":[{"name":"wp","href":"https:\/\/api.w.org\/{rel}","templated":true}]}}