{"id":1222,"date":"2025-03-13T10:11:56","date_gmt":"2025-03-13T10:11:56","guid":{"rendered":"https:\/\/www.leoniparma.it\/staging\/prodotto\/chiusino-150x150-mm-scarico-laterale-o-50-mm\/"},"modified":"2025-05-05T14:00:21","modified_gmt":"2025-05-05T14:00:21","slug":"chiusino-150x150-mm-scarico-laterale-o-50-mm","status":"publish","type":"product","link":"https:\/\/www.leoniparma.it\/staging\/prodotto\/chiusino-150x150-mm-scarico-laterale-o-50-mm\/","title":{"rendered":"Chiusino 150\u00d7150 mm con scarico laterale \u00f8 50 mm"},"content":{"rendered":"<p>Pozzetto avente lato pari a 150 mm e scarico laterale con diametro da 50 mm.<br \/>\nDisponibile con o senza cestello.<\/p>\n","protected":false},"excerpt":{"rendered":"<p>Pozzetto avente lato pari a 150 mm e scarico laterale con diametro da 50 mm. Disponibile con o senza cestello.<\/p>\n","protected":false},"featured_media":1224,"template":"","meta":{"_acf_changed":false},"product_brand":[],"product_cat":[70,43,78],"product_tag":[],"class_list":{"0":"post-1222","1":"product","2":"type-product","3":"status-publish","4":"has-post-thumbnail","6":"product_cat-chiusini-e-pilette-sistemi-di-drenaggio","7":"product_cat-sistemi-di-drenaggio","8":"product_cat-chiusini-a-scarico-laterale-chiusini-e-pilette-sistemi-di-drenaggio","10":"first","11":"instock","12":"product-type-simple"},"acf":[],"yoast_head":"<!-- This site is optimized with the Yoast SEO plugin v25.3 - https:\/\/yoast.com\/wordpress\/plugins\/seo\/ -->\n<title>Chiusini 150\u00d7150 con Scarico Laterale \u00d8 50 Mm | Officina Leoni Parma<\/title>\n<meta name=\"description\" content=\"Chiusino 150\u00d7150 mm, scarico laterale \u00d8 50 mm in acciaio inox. Contattaci per maggiori informazioni e ricevere un preventivo!\" \/>\n<meta name=\"robots\" content=\"noindex, follow, max-snippet:-1, max-image-preview:large, max-video-preview:-1\" \/>\n<meta property=\"og:locale\" content=\"it_IT\" \/>\n<meta property=\"og:type\" content=\"article\" \/>\n<meta property=\"og:title\" content=\"Chiusini 150\u00d7150 con Scarico Laterale \u00d8 50 Mm | Officina Leoni Parma\" \/>\n<meta property=\"og:description\" content=\"Chiusino 150\u00d7150 mm, scarico laterale \u00d8 50 mm in acciaio inox. Contattaci per maggiori informazioni e ricevere un preventivo!\" \/>\n<meta property=\"og:url\" content=\"https:\/\/www.leoniparma.it\/staging\/prodotto\/chiusino-150x150-mm-scarico-laterale-o-50-mm\/\" \/>\n<meta property=\"og:site_name\" content=\"Officina Meccanica Leoni\" \/>\n<meta property=\"article:modified_time\" content=\"2025-05-05T14:00:21+00:00\" \/>\n<meta property=\"og:image\" content=\"https:\/\/www.leoniparma.it\/staging\/wp-content\/uploads\/2025\/03\/chiusino-ribassato-150x150-scarico-orizzontale-laterale-O50-P.028L.webp\" \/>\n\t<meta property=\"og:image:width\" content=\"1908\" \/>\n\t<meta property=\"og:image:height\" content=\"1602\" \/>\n\t<meta property=\"og:image:type\" content=\"image\/webp\" \/>\n<meta name=\"twitter:card\" content=\"summary_large_image\" \/>\n<meta name=\"twitter:label1\" content=\"Tempo di lettura stimato\" \/>\n\t<meta name=\"twitter:data1\" content=\"1 minuto\" \/>\n<script type=\"application\/ld+json\" class=\"yoast-schema-graph\">{\"@context\":\"https:\/\/schema.org\",\"@graph\":[{\"@type\":\"WebPage\",\"@id\":\"https:\/\/www.leoniparma.it\/staging\/prodotto\/chiusino-150x150-mm-scarico-laterale-o-50-mm\/\",\"url\":\"https:\/\/www.leoniparma.it\/staging\/prodotto\/chiusino-150x150-mm-scarico-laterale-o-50-mm\/\",\"name\":\"Chiusini 150\u00d7150 con Scarico Laterale \u00d8 50 Mm | Officina Leoni Parma\",\"isPartOf\":{\"@id\":\"https:\/\/www.leoniparma.it\/staging\/#website\"},\"primaryImageOfPage\":{\"@id\":\"https:\/\/www.leoniparma.it\/staging\/prodotto\/chiusino-150x150-mm-scarico-laterale-o-50-mm\/#primaryimage\"},\"image\":{\"@id\":\"https:\/\/www.leoniparma.it\/staging\/prodotto\/chiusino-150x150-mm-scarico-laterale-o-50-mm\/#primaryimage\"},\"thumbnailUrl\":\"https:\/\/www.leoniparma.it\/staging\/wp-content\/uploads\/2025\/03\/chiusino-ribassato-150x150-scarico-orizzontale-laterale-O50-P.028L.webp\",\"datePublished\":\"2025-03-13T10:11:56+00:00\",\"dateModified\":\"2025-05-05T14:00:21+00:00\",\"description\":\"Chiusino 150\u00d7150 mm, scarico laterale \u00d8 50 mm in acciaio inox. Contattaci per maggiori informazioni e ricevere un preventivo!\",\"breadcrumb\":{\"@id\":\"https:\/\/www.leoniparma.it\/staging\/prodotto\/chiusino-150x150-mm-scarico-laterale-o-50-mm\/#breadcrumb\"},\"inLanguage\":\"it-IT\",\"potentialAction\":[{\"@type\":\"ReadAction\",\"target\":[\"https:\/\/www.leoniparma.it\/staging\/prodotto\/chiusino-150x150-mm-scarico-laterale-o-50-mm\/\"]}]},{\"@type\":\"ImageObject\",\"inLanguage\":\"it-IT\",\"@id\":\"https:\/\/www.leoniparma.it\/staging\/prodotto\/chiusino-150x150-mm-scarico-laterale-o-50-mm\/#primaryimage\",\"url\":\"https:\/\/www.leoniparma.it\/staging\/wp-content\/uploads\/2025\/03\/chiusino-ribassato-150x150-scarico-orizzontale-laterale-O50-P.028L.webp\",\"contentUrl\":\"https:\/\/www.leoniparma.it\/staging\/wp-content\/uploads\/2025\/03\/chiusino-ribassato-150x150-scarico-orizzontale-laterale-O50-P.028L.webp\",\"width\":1908,\"height\":1602},{\"@type\":\"BreadcrumbList\",\"@id\":\"https:\/\/www.leoniparma.it\/staging\/prodotto\/chiusino-150x150-mm-scarico-laterale-o-50-mm\/#breadcrumb\",\"itemListElement\":[{\"@type\":\"ListItem\",\"position\":1,\"name\":\"Home\",\"item\":\"https:\/\/www.leoniparma.it\/staging\/\"},{\"@type\":\"ListItem\",\"position\":2,\"name\":\"Sistemi di drenaggio\",\"item\":\"https:\/\/www.leoniparma.it\/staging\/categoria-prodotto\/sistemi-di-drenaggio\/\"},{\"@type\":\"ListItem\",\"position\":3,\"name\":\"Chiusini e Pilette\",\"item\":\"https:\/\/www.leoniparma.it\/staging\/categoria-prodotto\/sistemi-di-drenaggio\/chiusini-e-pilette-sistemi-di-drenaggio\/\"},{\"@type\":\"ListItem\",\"position\":4,\"name\":\"Chiusini a scarico laterale in acciaio inox\",\"item\":\"https:\/\/www.leoniparma.it\/staging\/categoria-prodotto\/sistemi-di-drenaggio\/chiusini-e-pilette-sistemi-di-drenaggio\/chiusini-a-scarico-laterale-chiusini-e-pilette-sistemi-di-drenaggio\/\"},{\"@type\":\"ListItem\",\"position\":5,\"name\":\"Chiusino 150\u00d7150 mm con scarico laterale \u00f8 50 mm\"}]},{\"@type\":\"WebSite\",\"@id\":\"https:\/\/www.leoniparma.it\/staging\/#website\",\"url\":\"https:\/\/www.leoniparma.it\/staging\/\",\"name\":\"Officina Meccanica Leoni\",\"description\":\"\",\"publisher\":{\"@id\":\"https:\/\/www.leoniparma.it\/staging\/#organization\"},\"potentialAction\":[{\"@type\":\"SearchAction\",\"target\":{\"@type\":\"EntryPoint\",\"urlTemplate\":\"https:\/\/www.leoniparma.it\/staging\/?s={search_term_string}\"},\"query-input\":{\"@type\":\"PropertyValueSpecification\",\"valueRequired\":true,\"valueName\":\"search_term_string\"}}],\"inLanguage\":\"it-IT\"},{\"@type\":\"Organization\",\"@id\":\"https:\/\/www.leoniparma.it\/staging\/#organization\",\"name\":\"Officina Meccanica Leoni\",\"url\":\"https:\/\/www.leoniparma.it\/staging\/\",\"logo\":{\"@type\":\"ImageObject\",\"inLanguage\":\"it-IT\",\"@id\":\"https:\/\/www.leoniparma.it\/staging\/#\/schema\/logo\/image\/\",\"url\":\"https:\/\/www.leoniparma.it\/staging\/wp-content\/uploads\/2025\/02\/logo.svg\",\"contentUrl\":\"https:\/\/www.leoniparma.it\/staging\/wp-content\/uploads\/2025\/02\/logo.svg\",\"width\":381,\"height\":232,\"caption\":\"Officina Meccanica Leoni\"},\"image\":{\"@id\":\"https:\/\/www.leoniparma.it\/staging\/#\/schema\/logo\/image\/\"},\"sameAs\":[\"https:\/\/www.linkedin.com\/company\/leoni-parma-officina\/\"]}]}<\/script>\n<!-- \/ Yoast SEO plugin. -->","yoast_head_json":{"title":"Chiusini 150\u00d7150 con Scarico Laterale \u00d8 50 Mm | Officina Leoni Parma","description":"Chiusino 150\u00d7150 mm, scarico laterale \u00d8 50 mm in acciaio inox. Contattaci per maggiori informazioni e ricevere un preventivo!","robots":{"index":"noindex","follow":"follow","max-snippet":"max-snippet:-1","max-image-preview":"max-image-preview:large","max-video-preview":"max-video-preview:-1"},"og_locale":"it_IT","og_type":"article","og_title":"Chiusini 150\u00d7150 con Scarico Laterale \u00d8 50 Mm | Officina Leoni Parma","og_description":"Chiusino 150\u00d7150 mm, scarico laterale \u00d8 50 mm in acciaio inox. Contattaci per maggiori informazioni e ricevere un preventivo!","og_url":"https:\/\/www.leoniparma.it\/staging\/prodotto\/chiusino-150x150-mm-scarico-laterale-o-50-mm\/","og_site_name":"Officina Meccanica Leoni","article_modified_time":"2025-05-05T14:00:21+00:00","og_image":[{"width":1908,"height":1602,"url":"https:\/\/www.leoniparma.it\/staging\/wp-content\/uploads\/2025\/03\/chiusino-ribassato-150x150-scarico-orizzontale-laterale-O50-P.028L.webp","type":"image\/webp"}],"twitter_card":"summary_large_image","twitter_misc":{"Tempo di lettura stimato":"1 minuto"},"schema":{"@context":"https:\/\/schema.org","@graph":[{"@type":"WebPage","@id":"https:\/\/www.leoniparma.it\/staging\/prodotto\/chiusino-150x150-mm-scarico-laterale-o-50-mm\/","url":"https:\/\/www.leoniparma.it\/staging\/prodotto\/chiusino-150x150-mm-scarico-laterale-o-50-mm\/","name":"Chiusini 150\u00d7150 con Scarico Laterale \u00d8 50 Mm | Officina Leoni Parma","isPartOf":{"@id":"https:\/\/www.leoniparma.it\/staging\/#website"},"primaryImageOfPage":{"@id":"https:\/\/www.leoniparma.it\/staging\/prodotto\/chiusino-150x150-mm-scarico-laterale-o-50-mm\/#primaryimage"},"image":{"@id":"https:\/\/www.leoniparma.it\/staging\/prodotto\/chiusino-150x150-mm-scarico-laterale-o-50-mm\/#primaryimage"},"thumbnailUrl":"https:\/\/www.leoniparma.it\/staging\/wp-content\/uploads\/2025\/03\/chiusino-ribassato-150x150-scarico-orizzontale-laterale-O50-P.028L.webp","datePublished":"2025-03-13T10:11:56+00:00","dateModified":"2025-05-05T14:00:21+00:00","description":"Chiusino 150\u00d7150 mm, scarico laterale \u00d8 50 mm in acciaio inox. Contattaci per maggiori informazioni e ricevere un preventivo!","breadcrumb":{"@id":"https:\/\/www.leoniparma.it\/staging\/prodotto\/chiusino-150x150-mm-scarico-laterale-o-50-mm\/#breadcrumb"},"inLanguage":"it-IT","potentialAction":[{"@type":"ReadAction","target":["https:\/\/www.leoniparma.it\/staging\/prodotto\/chiusino-150x150-mm-scarico-laterale-o-50-mm\/"]}]},{"@type":"ImageObject","inLanguage":"it-IT","@id":"https:\/\/www.leoniparma.it\/staging\/prodotto\/chiusino-150x150-mm-scarico-laterale-o-50-mm\/#primaryimage","url":"https:\/\/www.leoniparma.it\/staging\/wp-content\/uploads\/2025\/03\/chiusino-ribassato-150x150-scarico-orizzontale-laterale-O50-P.028L.webp","contentUrl":"https:\/\/www.leoniparma.it\/staging\/wp-content\/uploads\/2025\/03\/chiusino-ribassato-150x150-scarico-orizzontale-laterale-O50-P.028L.webp","width":1908,"height":1602},{"@type":"BreadcrumbList","@id":"https:\/\/www.leoniparma.it\/staging\/prodotto\/chiusino-150x150-mm-scarico-laterale-o-50-mm\/#breadcrumb","itemListElement":[{"@type":"ListItem","position":1,"name":"Home","item":"https:\/\/www.leoniparma.it\/staging\/"},{"@type":"ListItem","position":2,"name":"Sistemi di drenaggio","item":"https:\/\/www.leoniparma.it\/staging\/categoria-prodotto\/sistemi-di-drenaggio\/"},{"@type":"ListItem","position":3,"name":"Chiusini e Pilette","item":"https:\/\/www.leoniparma.it\/staging\/categoria-prodotto\/sistemi-di-drenaggio\/chiusini-e-pilette-sistemi-di-drenaggio\/"},{"@type":"ListItem","position":4,"name":"Chiusini a scarico laterale in acciaio inox","item":"https:\/\/www.leoniparma.it\/staging\/categoria-prodotto\/sistemi-di-drenaggio\/chiusini-e-pilette-sistemi-di-drenaggio\/chiusini-a-scarico-laterale-chiusini-e-pilette-sistemi-di-drenaggio\/"},{"@type":"ListItem","position":5,"name":"Chiusino 150\u00d7150 mm con scarico laterale \u00f8 50 mm"}]},{"@type":"WebSite","@id":"https:\/\/www.leoniparma.it\/staging\/#website","url":"https:\/\/www.leoniparma.it\/staging\/","name":"Officina Meccanica Leoni","description":"","publisher":{"@id":"https:\/\/www.leoniparma.it\/staging\/#organization"},"potentialAction":[{"@type":"SearchAction","target":{"@type":"EntryPoint","urlTemplate":"https:\/\/www.leoniparma.it\/staging\/?s={search_term_string}"},"query-input":{"@type":"PropertyValueSpecification","valueRequired":true,"valueName":"search_term_string"}}],"inLanguage":"it-IT"},{"@type":"Organization","@id":"https:\/\/www.leoniparma.it\/staging\/#organization","name":"Officina Meccanica Leoni","url":"https:\/\/www.leoniparma.it\/staging\/","logo":{"@type":"ImageObject","inLanguage":"it-IT","@id":"https:\/\/www.leoniparma.it\/staging\/#\/schema\/logo\/image\/","url":"https:\/\/www.leoniparma.it\/staging\/wp-content\/uploads\/2025\/02\/logo.svg","contentUrl":"https:\/\/www.leoniparma.it\/staging\/wp-content\/uploads\/2025\/02\/logo.svg","width":381,"height":232,"caption":"Officina Meccanica Leoni"},"image":{"@id":"https:\/\/www.leoniparma.it\/staging\/#\/schema\/logo\/image\/"},"sameAs":["https:\/\/www.linkedin.com\/company\/leoni-parma-officina\/"]}]}},"_links":{"self":[{"href":"https:\/\/www.leoniparma.it\/staging\/wp-json\/wp\/v2\/product\/1222","targetHints":{"allow":["GET"]}}],"collection":[{"href":"https:\/\/www.leoniparma.it\/staging\/wp-json\/wp\/v2\/product"}],"about":[{"href":"https:\/\/www.leoniparma.it\/staging\/wp-json\/wp\/v2\/types\/product"}],"version-history":[{"count":4,"href":"https:\/\/www.leoniparma.it\/staging\/wp-json\/wp\/v2\/product\/1222\/revisions"}],"predecessor-version":[{"id":3842,"href":"https:\/\/www.leoniparma.it\/staging\/wp-json\/wp\/v2\/product\/1222\/revisions\/3842"}],"wp:featuredmedia":[{"embeddable":true,"href":"https:\/\/www.leoniparma.it\/staging\/wp-json\/wp\/v2\/media\/1224"}],"wp:attachment":[{"href":"https:\/\/www.leoniparma.it\/staging\/wp-json\/wp\/v2\/media?parent=1222"}],"wp:term":[{"taxonomy":"product_brand","embeddable":true,"href":"https:\/\/www.leoniparma.it\/staging\/wp-json\/wp\/v2\/product_brand?post=1222"},{"taxonomy":"product_cat","embeddable":true,"href":"https:\/\/www.leoniparma.it\/staging\/wp-json\/wp\/v2\/product_cat?post=1222"},{"taxonomy":"product_tag","embeddable":true,"href":"https:\/\/www.leoniparma.it\/staging\/wp-json\/wp\/v2\/product_tag?post=1222"}],"curies":[{"name":"wp","href":"https:\/\/api.w.org\/{rel}","templated":true}]}}